{"id":20467,"date":"2026-02-13T21:51:32","date_gmt":"2026-02-13T20:51:32","guid":{"rendered":"https:\/\/stripclubbarcelona.com\/clubs\/"},"modified":"2026-04-09T04:25:58","modified_gmt":"2026-04-09T02:25:58","slug":"clubes","status":"publish","type":"page","link":"https:\/\/stripclubbarcelona.com\/es\/clubes\/","title":{"rendered":"Clubs"},"content":{"rendered":"\n<section id=\"\" class=\"wp-block-mrz-block-section section-block container animate d-flex f-justify-center no-whitespace bottom-gradient\">\r\n<section class=\"banner-block\" style=\"background-image: url('https:\/\/stripclubbarcelona.com\/wp-content\/uploads\/2018\/10\/gentlemens-clubs-barcelona.jpg')\">\r\n    \n\n<div id=\"\" class=\"wp-block-mrz-block-container container-full d-flex container-block f-align-center\">\n<div class=\"wp-block-mrz-block-column-full column-block column-full d-flex\">\n<h1 class=\"wp-block-mrz-block-heading headline headline--large align-center\">Clubs<\/h1>\n<\/div>\n<\/div>\n\n<\/section>\r\n<\/section>\n\n<section id=\"\" class=\"wp-block-mrz-block-section section-block container animate d-flex f-justify-center f-dir-col clubs\">\n<div id=\"\" class=\"wp-block-mrz-block-container container-full d-flex container-block\">\n<div class=\"wp-block-mrz-block-column-full column-block column-full d-flex w-80\">\n<p class=\"wp-block-mrz-block-content paragraph paragraph--normal align-center\">No te dejamos simplemente en un club cualquiera, \u00a1solo trabajamos con los mejores de esta ciudad! Tienes suerte porque conocemos a toda la gente adecuada en los clubs nocturnos adecuados. Nos hemos asegurado de que cada club con el que trabajamos sea incre\u00edble y que ofrezcan chicas espectaculares, buenas ofertas en bebidas y en general hagan todo lo posible para asegurarse de que t\u00fa y tus colegas teng\u00e1is la noche m\u00e1s incre\u00edble posible. Cuando te llevamos a cualquiera de los <a href=\"https:\/\/stripclubbarcelona.com\/es\/\">strip club Barcelona<\/a> con los que trabajamos, puedes estar seguro de que es un gran lugar y un sitio donde te tratar\u00e1n bien y no te estafar\u00e1n. Hay tantos lugares calientes en esta gran ciudad que es realmente dif\u00edcil saber cu\u00e1les son buenos y cu\u00e1les son un desastre. Pero no te preocupes porque para eso estamos aqu\u00ed. Hemos hecho todo el trabajo por ti, as\u00ed que realmente puedes confiar en nosotros para llevarte a un gran lugar o incluso a uno de los mejores clubs de striptease. No estamos aqu\u00ed solo para ganar dinero r\u00e1pido. Estamos aqu\u00ed para asegurarnos de que tu despedida de soltero o incluso tu noche de chicos sea tan incre\u00edble como sea posible. Buenas bebidas, un viaje genial y las chicas m\u00e1s sexys de Barcelona es como lo hacemos.          <\/p>\n<\/div>\n<\/div>\n\n\n\n<div id=\"\" class=\"wp-block-mrz-block-container container-full d-flex container-block max-1600 mobile-f-dir-col\">\n<div id=\"\" class=\"wp-block-mrz-block-column-half column-half club\">\n<img decoding=\"async\" src=\"https:\/\/stripclubbarcelona.com\/wp-content\/uploads\/2018\/10\/darling-club-barcelona.jpg\" alt=\"Ahorrado\" class=\"wp-block-mrz-block-mrz-image mrz-image-block\">\n\n\n\n<h3 class=\"wp-block-mrz-block-heading headline headline--subtitle align-left\">Darling Club<\/h3>\n\n\n\n<p class=\"wp-block-mrz-block-content paragraph paragraph--normal align-left\"><a href=\"https:\/\/www.darlingbcn.com\/es\/\" target=\"_blank\" rel=\"noreferrer noopener\">Darling Club Barcelona<\/a> es otro de los mejores clubs nocturnos y tenemos una muy buena relaci\u00f3n con ellos. Darling es el tipo de lugar perfecto si vosotros, caballeros, quer\u00e9is una noche m\u00e1s elegante. Oye, no nos malinterpretes, est\u00e1 lleno de chicas preciosas y har\u00e1n baile en barra y, por supuesto, si te apetece un capricho, puedes tener un encuentro cercano y personal con un baile privado. Te va a encantar lo genial y elegante que es este lugar. Aunque los precios aqu\u00ed son muy razonables, tiene ese ambiente de \u00abgran apostador\u00bb y eso es perfecto para un grupo de chicos que quieren salir y pasar una gran noche. Hay una barra completamente surtida aqu\u00ed, as\u00ed que no importa qu\u00e9 tipo de bebida quieras mientras disfrutas de un espect\u00e1culo, Darling te tiene cubierto. Echa un vistazo aqu\u00ed: <a href=\"https:\/\/stripclubbarcelona.com\/es\/precios-darling-club-barcelona\/\">Darling Club Barcelona precios<\/a>.       <\/p>\n<\/div>\n\n\n\n<div id=\"\" class=\"wp-block-mrz-block-column-half column-half club\">\n<img decoding=\"async\" src=\"https:\/\/stripclubbarcelona.com\/wp-content\/uploads\/2026\/04\/the-beach-strip-club-barcelona.jpg\" alt=\"Ahorrado\" class=\"wp-block-mrz-block-mrz-image mrz-image-block\">\n\n\n\n<h3 class=\"wp-block-mrz-block-heading headline headline--subtitle align-left\">The Beach<\/h3>\n\n\n\n<p class=\"wp-block-mrz-block-content paragraph paragraph--normal align-left\">Este es uno de los mejores clubs con los que te encontrar\u00e1s. Para empezar, <a href=\"https:\/\/thebeachstripclubbarcelona.com\/\" target=\"_blank\" rel=\"noopener\" title=\"The Beach Strip Club\">The Beach Strip Club<\/a> le gusta cuidar de todos los que cruzan sus puertas. No importa si buscas sentarte y disfrutar de unas copas mientras ves un espect\u00e1culo caliente y entretenido, o si prefieres algo m\u00e1s privado en una de las salas exclusivas disponibles, este local ofrece el equilibrio perfecto para cada tipo de visitante. Las chicas que trabajan en The Beach son realmente de primera clase en todos los sentidos. Saben c\u00f3mo crear un ambiente divertido, seductor e inolvidable, asegur\u00e1ndose de que cada cliente tenga una experiencia incre\u00edble. Ya sea que est\u00e9s planeando una despedida de soltero o simplemente una noche con amigos, este es el tipo de lugar que permanecer\u00e1 en tu memoria durante mucho tiempo. Si buscas una experiencia de alto nivel de principio a fin, definitivamente disfrutar\u00e1s tu velada (y madrugada) en The Beach.      <br><\/p>\n<\/div>\n<\/div>\n\n\n\n<div id=\"\" class=\"wp-block-mrz-block-container container-full d-flex container-block max-1600 mobile-f-dir-col\">\n<div id=\"\" class=\"wp-block-mrz-block-column-half column-half club\">\n<img decoding=\"async\" src=\"https:\/\/stripclubbarcelona.com\/wp-content\/uploads\/2018\/10\/viladomat-208-club-barcelona.jpg\" alt=\"Ahorrado\" class=\"wp-block-mrz-block-mrz-image mrz-image-block\">\n\n\n\n<h3 class=\"wp-block-mrz-block-heading headline headline--subtitle align-left\">208 Club<\/h3>\n\n\n\n<p class=\"wp-block-mrz-block-content paragraph paragraph--normal align-left\"><a href=\"https:\/\/208bcn.com\/es\/\">208 Club Barcelona<\/a> es uno de los mejores clubs nocturnos y es el lugar al que ir para personas que quieren un poco de lujo en su club. La buena gente de aqu\u00ed se especializa en tener chicas de todo el mundo actuando aqu\u00ed. Aunque ofrecen las cosas que les gustan a todos los chicos como baile en barra, espect\u00e1culos en escenario y bailes privados, por supuesto. Pero tambi\u00e9n se especializan en espect\u00e1culos de striptease especiales que son muy populares y algo que tienes que reservar para el novio si vas a tener una despedida de soltero aqu\u00ed. Hablando de eso, 208 Club adora a grupos de chicos divertidos, as\u00ed que si reservas con nosotros con antelaci\u00f3n, nosotros y 208 Club podemos asegurarnos de que est\u00e9s muy bien atendido, tengas unas copas geniales y salgas con grandes sonrisas en todas vuestras caras. 208 Club Barcelona es simplemente un lugar realmente genial y de clase alta y es el tipo de lugar en el que es imposible no pasar un rato caliente y divertido. Echa un vistazo aqu\u00ed <a href=\"https:\/\/stripclubbarcelona.com\/es\/precios-208-club-caballeros-barcelona\/\">208 Club Barcelona Precios<\/a>.      <\/p>\n<\/div>\n\n\n\n<div id=\"\" class=\"wp-block-mrz-block-column-half column-half club\">\n<img decoding=\"async\" src=\"https:\/\/stripclubbarcelona.com\/wp-content\/uploads\/2018\/10\/bagdad-barcelona-live-porno-show.jpg\" alt=\"Ahorrado\" class=\"wp-block-mrz-block-mrz-image mrz-image-block\">\n\n\n\n<h3 class=\"wp-block-mrz-block-heading headline headline--subtitle align-left\">Bagdad Club<\/h3>\n\n\n\n<p class=\"wp-block-mrz-block-content paragraph paragraph--normal align-left\">Aqu\u00ed tenemos <a href=\"https:\/\/stripclubbarcelona.com\/es\/bagdad-barcelona\/\">Bagdad Club Barcelona<\/a>, que es una de las noches m\u00e1s \u00e9picas que puedes tener en la ciudad. No pienses en esto como si fuera igual que todos los dem\u00e1s clubs de striptease. Bagdad ofrece algo m\u00e1s. De hecho, tienen espect\u00e1culos de sexo en vivo aqu\u00ed y muchas de las mejores estrellas porno espa\u00f1olas han actuado en el escenario aqu\u00ed o incluso han conseguido su gran oportunidad aqu\u00ed. Si quieres una noche m\u00e1s salvaje y llena de desenfreno, entonces Bagdad Club es el lugar para ti. Aunque tienen muchos espect\u00e1culos de striptease aqu\u00ed, son los espect\u00e1culos de sexo en vivo los que realmente los separan de todos los dem\u00e1s. Incluso se sabe que suben a un par de chicos al escenario y los hacen parte del espect\u00e1culo, lo que puede ser muy divertido, especialmente si el chico que suben se averg\u00fcenza f\u00e1cilmente. Bagdad Barcelona se trata simplemente de tener una noche salvaje y loca y si est\u00e1s teniendo una despedida de soltero, el cumplea\u00f1os de un colega o algo m\u00e1s especial, entonces una noche aqu\u00ed es honestamente algo que nunca, nunca olvidar\u00e1n. Echa un vistazo a precios, paquetes y descuentos aqu\u00ed: <a href=\"https:\/\/stripclubbarcelona.com\/es\/precios-sala-bagdad-barcelona\/\">Bagdad Club Barcelona precios<\/a>.         <\/p>\n<\/div>\n<\/div>\n\n\n\n<div id=\"\" class=\"wp-block-mrz-block-container container-full d-flex container-block max-1600\">\n<div id=\"\" class=\"wp-block-mrz-block-column-half column-half club\">\n<img decoding=\"async\" src=\"https:\/\/stripclubbarcelona.com\/wp-content\/uploads\/2024\/01\/presindet-palace-barcelona-705x430-1.jpg\" alt=\"Ahorrado\" class=\"wp-block-mrz-block-mrz-image mrz-image-block\">\n\n\n\n<h3 class=\"wp-block-mrz-block-heading headline headline--subtitle align-left\">President Palace<\/h3>\n\n\n\n<p class=\"wp-block-mrz-block-content paragraph paragraph--normal align-left\"><a href=\"https:\/\/presidentpalacebcn.com\/es\/\">President Palace Club<\/a>, el destino principal de Barcelona para una exquisita mezcla de sofisticaci\u00f3n y entretenimiento. Ubicado en el coraz\u00f3n de la ciudad, nuestro opulento local redefine el arte del entretenimiento para adultos. Entra en un mundo donde los l\u00edmites se difuminan y los momentos extraordinarios toman el centro del escenario. Con un ambiente elegante, artistas de clase mundial y un servicio impecable, President Palace ofrece una experiencia inigualable en decadencia refinada. \u00danete a nosotros para noches inolvidables, donde el lujo, el entretenimiento y tus deseos se unen a la perfecci\u00f3n. \u00bfListo para trascender lo ordinario? President Palace Club te invita a disfrutar de lo extraordinario en el vibrante coraz\u00f3n de Barcelona.      <\/p>\n<\/div>\n\n\n\n<div id=\"\" class=\"wp-block-mrz-block-column-half column-half club\">\n<img decoding=\"async\" src=\"https:\/\/stripclubbarcelona.com\/wp-content\/uploads\/2018\/10\/felina-escorts-barcelona.jpg\" alt=\"Ahorrado\" class=\"wp-block-mrz-block-mrz-image mrz-image-block\">\n\n\n\n<h3 class=\"wp-block-mrz-block-heading headline headline--subtitle align-left\">Felina<\/h3>\n\n\n\n<p class=\"wp-block-mrz-block-content paragraph paragraph--normal align-left\">Vale, sabemos que una buena noche de chicos puede ser m\u00e1s que simplemente ir a todos los clubs. Por eso tenemos una buena relaci\u00f3n con Felina. Felina es uno de los mejores lugares donde puedes hacer algo m\u00e1s que simplemente ver un espect\u00e1culo. Son elegantes y refinados y si realmente quieres que te cuiden, este es el lugar al que venir. Mirar la lista de chicas que tienen y los servicios que ofrecen har\u00e1 que cualquier chico corra directamente aqu\u00ed. Reservar una chica sexy es una gran manera de hacer que tu fin de semana en la gran ciudad de Barcelona sea realmente memorable, pero necesitas asegurarte de ir a un lugar que sea limpio, confiable y tenga chicas incre\u00edblemente atractivas. Bueno, Felina cumple con todas esas casillas, as\u00ed que si quieres ir y visitar algunos de los clubs calientes, pero sabes que despu\u00e9s querr\u00e1s un poco m\u00e1s de acci\u00f3n, bueno, Felina es el lugar al que ir.       <\/p>\n<\/div>\n<\/div>\n<\/section>\n","protected":false},"excerpt":{"rendered":"","protected":false},"author":1,"featured_media":0,"parent":0,"menu_order":0,"comment_status":"closed","ping_status":"closed","template":"","meta":{"footnotes":""},"class_list":["post-20467","page","type-page","status-publish","hentry"],"aioseo_notices":[],"_links":{"self":[{"href":"https:\/\/stripclubbarcelona.com\/es\/wp-json\/wp\/v2\/pages\/20467","targetHints":{"allow":["GET"]}}],"collection":[{"href":"https:\/\/stripclubbarcelona.com\/es\/wp-json\/wp\/v2\/pages"}],"about":[{"href":"https:\/\/stripclubbarcelona.com\/es\/wp-json\/wp\/v2\/types\/page"}],"author":[{"embeddable":true,"href":"https:\/\/stripclubbarcelona.com\/es\/wp-json\/wp\/v2\/users\/1"}],"replies":[{"embeddable":true,"href":"https:\/\/stripclubbarcelona.com\/es\/wp-json\/wp\/v2\/comments?post=20467"}],"version-history":[{"count":8,"href":"https:\/\/stripclubbarcelona.com\/es\/wp-json\/wp\/v2\/pages\/20467\/revisions"}],"predecessor-version":[{"id":27105,"href":"https:\/\/stripclubbarcelona.com\/es\/wp-json\/wp\/v2\/pages\/20467\/revisions\/27105"}],"wp:attachment":[{"href":"https:\/\/stripclubbarcelona.com\/es\/wp-json\/wp\/v2\/media?parent=20467"}],"curies":[{"name":"wp","href":"https:\/\/api.w.org\/{rel}","templated":true}]}}