{"id":20474,"date":"2026-02-13T21:53:15","date_gmt":"2026-02-13T20:53:15","guid":{"rendered":"https:\/\/stripclubbarcelona.com\/strippers\/"},"modified":"2026-02-20T23:24:14","modified_gmt":"2026-02-20T22:24:14","slug":"strippers","status":"publish","type":"page","link":"https:\/\/stripclubbarcelona.com\/es\/strippers\/","title":{"rendered":"Strippers"},"content":{"rendered":"\n<section id=\"\" class=\"wp-block-mrz-block-section section-block container animate d-flex f-justify-center f-dir-col strippers\">\n<div id=\"\" class=\"wp-block-mrz-block-container container-full d-flex container-block container\">\n<div class=\"wp-block-mrz-block-column-full column-block column-full d-flex f-dir-col\">\n<h1 class=\"wp-block-mrz-block-heading headline headline--large align-center\">Strippers<\/h1>\n\n\n\n<h4 class=\"wp-block-mrz-block-heading headline headline--title align-center color-text\">Barcelona \u00b7 Madrid \u00b7 Sevilla \u00b7 Mallorca<\/h4>\n<\/div>\n<\/div>\n\n\n\n<div id=\"\" class=\"wp-block-mrz-block-container container-full d-flex container-block max-1200 mobile-f-dir-col\">\n<div id=\"\" class=\"wp-block-mrz-block-column-half column-half f-align-center\">\n<h4 class=\"wp-block-mrz-block-heading headline headline--title align-center\">Mujeres Strippers<\/h4>\n\n\n\n<figure class=\"wp-block-image size-full border-image\"><img loading=\"lazy\" decoding=\"async\" width=\"570\" height=\"300\" src=\"https:\/\/stripclubbarcelona.com\/wp-content\/uploads\/2018\/10\/female-strippers-barcelona.jpg\" alt=\"Mujeres Strippers Barcelona\" class=\"wp-image-10454\" srcset=\"https:\/\/stripclubbarcelona.com\/wp-content\/uploads\/2018\/10\/female-strippers-barcelona.jpg 570w, https:\/\/stripclubbarcelona.com\/wp-content\/uploads\/2018\/10\/female-strippers-barcelona-450x237.jpg 450w, https:\/\/stripclubbarcelona.com\/wp-content\/uploads\/2018\/10\/female-strippers-barcelona-300x158.jpg 300w\" sizes=\"auto, (max-width: 570px) 100vw, 570px\" \/><\/figure>\n\n\n\n<a href=\"\" class=\"wp-block-mrz-block-button btn btn--normal mt-20\">Ver Mujeres<\/a>\n<\/div>\n\n\n\n<div id=\"\" class=\"wp-block-mrz-block-column-half column-half f-align-center\">\n<h4 class=\"wp-block-mrz-block-heading headline headline--title align-center\">Hombres Strippers<\/h4>\n\n\n\n<figure class=\"wp-block-image size-full border-image\"><img loading=\"lazy\" decoding=\"async\" width=\"570\" height=\"300\" src=\"https:\/\/stripclubbarcelona.com\/wp-content\/uploads\/2018\/10\/male-strippers-barcelona.jpg\" alt=\"Male strippers Barcelona\" class=\"wp-image-10070\" srcset=\"https:\/\/stripclubbarcelona.com\/wp-content\/uploads\/2018\/10\/male-strippers-barcelona.jpg 570w, https:\/\/stripclubbarcelona.com\/wp-content\/uploads\/2018\/10\/male-strippers-barcelona-450x237.jpg 450w, https:\/\/stripclubbarcelona.com\/wp-content\/uploads\/2018\/10\/male-strippers-barcelona-300x158.jpg 300w\" sizes=\"auto, (max-width: 570px) 100vw, 570px\" \/><\/figure>\n\n\n\n<a href=\"\" class=\"wp-block-mrz-block-button btn btn--normal mt-20\">Ver Hombres<\/a>\n<\/div>\n<\/div>\n\n\n\n<div id=\"\" class=\"wp-block-mrz-block-container container-full d-flex container-block max-1200 mobile-f-dir-col\">\n<div id=\"\" class=\"wp-block-mrz-block-column-half column-half f-align-center\">\n<h4 class=\"wp-block-mrz-block-heading headline headline--title align-left\">\u00bfPor Que Barcelona, Madrid, Sevilla o Mallorca?<\/h4>\n\n\n\n<p class=\"wp-block-mrz-block-content paragraph paragraph--normal align-left\">Sabemos lo que est\u00e1s pensando: puedes encontrar strippers en cualquier parte del mundo. Entonces, \u00bfpor qu\u00e9 elegir en estas ciudades?<br>Te diremos por qu\u00e9, porque cuando se trata de strippers, estas ciudades tienen la mejor del mundo. Desde chicas sexys y tetonas a las que les encanta mostrar sus senos hasta aquellas con algunas curvas m\u00e1s, estas artistas incre\u00edbles cuentan con una selecci\u00f3n incre\u00edblemente caliente. No importa tu tipo, \u00a1seguramente encontrar\u00e1s una chica (o chico) que se ajuste a tu gusto!<br>Y eso es solo el comienzo.<br>Con las leyes laxas con respecto a la diversi\u00f3n para adultos, las ciudades fomentan el ambiente perfecto para divertirse toda la noche con algunos de los hombres y mujeres m\u00e1s sexys que jam\u00e1s hayas conocido. Entonces, si buscas pasar una noche inolvidable con unas muy calientes strippers, \u00a1Estas ciudades deber\u00edan estar en tu lista!<\/p>\n<\/div>\n\n\n\n<div id=\"\" class=\"wp-block-mrz-block-column-half column-half f-align-center\">\n<h4 class=\"wp-block-mrz-block-heading headline headline--title align-left\">Una Selecci\u00f3n Inmejorable<\/h4>\n\n\n\n<p class=\"wp-block-mrz-block-content paragraph paragraph--normal align-left\">Barcelona, Madrid, Sevilla o Mallorca ofrece una selecci\u00f3n inmejorable de los strippers m\u00e1s aptos y sexys. Encuentra tus modelos favoritos y observa c\u00f3mo su ropa golpea el suelo, junto con tu mand\u00edbula. Te costar\u00e1 mucho quitar los ojos de sus hermosos cuerpos, y podemos garantizar que har\u00e1s m\u00e1s de una doble toma.<br>Si te gusta lo que ves, \u00a1te alegrar\u00e1 saber que siempre hay m\u00e1s! Con una selecci\u00f3n aparentemente interminable de strippers chicos y chicas calientes, la ciudades cuentan con un ambiente adulto incre\u00edblemente divertido que simplemente no encontrar\u00e1s en ning\u00fan otro lugar.<br>Estos hermosos hombres y mujeres son artistas de talla mundial que saben lo que se necesita para satisfacer todas tus necesidades.<br>Y hay m\u00e1s de d\u00f3nde viene eso.<br>\u00a1Echemos un vistazo a algunos de los diferentes tipos de strippers que tenemos para ofrecer!<\/p>\n<\/div>\n<\/div>\n\n\n\n<div class=\"wp-block-mrz-block-column-full column-block column-full d-flex f-dir-col max-1200 stripper-bullets\">\n<blockquote class=\"wp-block-mrz-block-content paragraph paragraph--quote align-center\">Nada representa mejor una noche por la ciudad en Barcelona, Madrid, Sevilla o Mallorca que descubrir a algunas de las strippers m\u00e1s sexys de Espa\u00f1a. Famosas por su vida nocturna para adultos, estas ciudades est\u00e1n a la altura de su reputaci\u00f3n como algunas de las capitales de la fiesta m\u00e1s importantes del mundo.<\/blockquote>\n\n\n\n<p><strong>Una Selecci\u00f3n Inmejorable<\/strong><\/p>\n<p>Barcelona, Madrid, Sevilla o Mallorca ofrece una selecci\u00f3n inmejorable de los strippers m\u00e1s aptos y sexys. Encuentra tus modelos favoritos y observa c\u00f3mo su ropa golpea el suelo, junto con tu mand\u00edbula. Te costar\u00e1 mucho quitar los ojos de sus hermosos cuerpos, y podemos garantizar que har\u00e1s m\u00e1s de una doble toma.<\/p>\n<p>Si te gusta lo que ves, \u00a1te alegrar\u00e1 saber que siempre hay m\u00e1s! Con una selecci\u00f3n aparentemente interminable de strippers chicos y chicas calientes, la ciudades cuentan con un ambiente adulto incre\u00edblemente divertido que simplemente no encontrar\u00e1s en ning\u00fan otro lugar.<\/p>\n<p>Estos hermosos hombres y mujeres son artistas de talla mundial que saben lo que se necesita para satisfacer todas tus necesidades.<\/p>\n<p>Y hay m\u00e1s de d\u00f3nde viene eso.<\/p>\n<p>\u00a1Echemos un vistazo a algunos de los diferentes tipos de strippers que tenemos para ofrecer!<\/p>\n<\/p>\n<p><strong>Chicas Strippers<\/strong><\/p>\n<p>\u00a1Hombres, escuchen! Si buscan a algunas de las m\u00e1s sexys <a href=\"http:\/\/scb.localhost\/es\/mujeres-strippers\/\">chicas stripers<\/a>, \u200b\u200bdebes hacer un viaje a estas ciudades.<\/p>\n<p>Aqu\u00ed encontrar\u00e1s algunas de las bellezas m\u00e1s importantes del mundo que est\u00e1n m\u00e1s que dispuestas a mostrarte todas sus golosinas. A\u00fan mejor, con nosotros, podr\u00e1s reservar una stripper m\u00e1s f\u00e1cil de lo que cre\u00edas posible para llevar tu diversi\u00f3n al siguiente nivel.<\/p>\n<p>Se sabe que estos artistas sexys se quitan la ropa para espect\u00e1culos seductores que har\u00e1n que tu sangre bombee, y r\u00e1pido. Desde chicas delicadas e inocentes que te sorprender\u00e1n con la rapidez con que pueden convertirse en zorras sensuales que no se detendr\u00e1n ante casi nada para hacer realidad tus sue\u00f1os m\u00e1s salvajes a las chicas experimentadas que tienen m\u00e1s que unos cuantos trucos bajo la manga, esta ciudad lo tiene todo cuando se trata de strippers muy calientes que est\u00e1n listas para extraer tu sangre y algo m\u00e1s.<\/p>\n<p>Y as\u00ed es exactamente como te sentir\u00e1s cuando veas uno de estos incre\u00edbles sexy shows de striptease. \u00a1Con algunos de los mejores lugares del mundo, Barcelona, Madrid, Sevilla o Mallorca te permite interactuar con estas chicas sexy como ninguna otra ciudad! Ve a estas mujeres en la ciudad o disfruta de sus espect\u00e1culos sensuales desde la comodidad de tu habitaci\u00f3n de hotel. \u00a1Depende de ti! No importa lo que elijas, \u00a1puedes estar seguro de obtener un espect\u00e1culo como ning\u00fan otro!<\/p>\n<p><strong>Chicos Strippers<\/strong><\/p>\n<p>\u00bfComo tus strippers desgarrados con m\u00fasculo y fluyendo con testosterona? Est\u00e1s de suerte: este es el hogar de algunos de los m\u00e1s sexys <a href=\"http:\/\/scb.localhost\/es\/hombres-strippers\/\">chicos stripers<\/a>. Estos hombres tienen cuerpos perfectos que seguramente te dejar\u00e1n sin aliento en la garganta. Observa a estos hombres mientras lo muestran todo, quit\u00e1ndose la ropa pieza por pieza para revelar sus cuerpos cincelados y tentadores. Estos artistas masculinos est\u00e1n all\u00ed para desnudarse tanto para hombres como para mujeres, hay algo para todos, \u00a1as\u00ed que aseg\u00farate de ver a estos chicos en acci\u00f3n por ti mismo!<\/p>\n<p>Ya sea que est\u00e9s en el frente o en la parte posterior, seguramente encontrar\u00e1s un chico (o chicos) que est\u00e9n dispuestos a mostrarte sus productos para que tu sangre flu\u00eda.<\/p>\n<p>Para mejorar a\u00fan m\u00e1s las cosas, puedes disfrutarlos desde la comodidad y privacidad de tu hotel con los incre\u00edbles servicios que ofrecemos. \u00a1Esta promete ser una de las noches m\u00e1s salvajes que hayas pasado! Ya sea que est\u00e9 buscando una sesi\u00f3n privada y humeante directamente en tu cama (\u00bfqu\u00e9 tan emocionante suena eso?) O te gustar\u00eda un espect\u00e1culo completo, estos chicos strippers sexy est\u00e1n dispuestos a hacerlo todo por ti. \u00a1Ven a asegurarte de ver a estos hombres calientes en persona para que puedas obtener esa experiencia er\u00f3tica de ensue\u00f1o que siempre has deseado!<\/p>\n<p><strong>\u00bfQu\u00e9 Pueden Hacer Estas Sexy Strippers por ti?<\/strong><\/p>\n<p>Lo sabemos, est\u00e1s listo para conocer a estas sexy strippers por ti mismo. Pero, \u00bfqu\u00e9 puedes esperar exactamente de ellos cuando llegues aqu\u00ed? Te sorprender\u00e1 lo interactivos que son los espect\u00e1culos. Los strippers est\u00e1n dispuestos a hacer casi cualquier cosa por el precio correcto, lo que significa que tus vacaciones seguramente ser\u00e1n lo mejor de tu vida.<\/p>\n<p>Espec\u00edficamente, son famosos por su:<\/p>\n<ul>\n<li><b>Diversi\u00f3n En Limusina<\/b><\/li>\n<\/ul>\n<p>\u00bfLa mejor parte? Ni siquiera tienes que llegar al club de striptease para disfrutar de los movimientos sexys de strippers incre\u00edblemente sexy. Con nosotros, puedes disfrutar de estas chicas con comodidad y estilo directamente en tu limusina. Con nuestro servicio de recogida, podr\u00e1s viajar con algunas de las mejores artistas y ver c\u00f3mo convierten tu viaje en una experiencia incre\u00edblemente sensual.<\/p>\n<p>\u00bfQu\u00e9 tan geniales son estos paseos? Digamos que casi te sentir\u00e1s decepcionado cuando llegues a tu destino. Por esta raz\u00f3n, aseg\u00farate de reservar nuestra <a href=\"http:\/\/scb.localhost\/es\/servicio-limusinas-barcelona\/\">limusina en Barcelona<\/a> cuando te registres para tus vacaciones con nosotros.<\/p>\n<ul>\n<li><b>Reserva Una Stripper Para Tu Habitaci\u00f3n De Hotel<\/b><\/li>\n<\/ul>\n<p>Sin embargo, si deseas la mejor experiencia personal, te sugerimos que reserves una stripper. \u00a1Trabajamos con algunas de las mejores strippers de la ciudad! Estas ir\u00e1n directamente a tu habitaci\u00f3n de hotel para ofrecerte un espect\u00e1culo que es solo para tus ojos. Ya sea que est\u00e9s buscando un espect\u00e1culo de striptease est\u00e1ndar o algo un poco m\u00e1s salvaje, nuestras chicas o chicos lo har\u00e1n todo.<\/p>\n<p>\u00bfQu\u00e9 tal un espect\u00e1culo de consolador obsceno donde ella se monta justo en frente de tus ojos? Te recomendamos que sigas esto con un incre\u00edble espect\u00e1culo con nata en el que puedes ver a tu chica correrse sobre s\u00ed misma, lo que seguramente tambi\u00e9n te pondr\u00e1 al l\u00edmite. Simplemente no hay mejor manera de disfrutar de tus vacaciones que con uno de nuestros incre\u00edbles shows de stripper. \u00a1Sabiendo esto, cont\u00e1ctanos hoy para averiguar c\u00f3mo puedes reservar una stripper para tus vacaciones!<\/p>\n<p><strong>\u00a1Mejora Cualquier Evento Con Nuestras Strippers \u00danicas!<\/strong><\/p>\n<p>No importa cu\u00e1les sean tus planes, puedes mejorar cualquier evento con nuestras sexy strippers. Eche un vistazo a lo que puede esperar de estas chicas sexy:<\/p>\n<ul>\n<li><b>Fiesta De Despedida De Soltero Legendario<\/b><\/li>\n<\/ul>\n<p>Simplemente no hay mejor lugar para esa fiesta definitiva. \u00a1Barcelona, Madrid, Sevilla o Mallorca es el hogar de los mejores lugares de striptease y strippers en cualquier parte del mundo! Si est\u00e1s buscando la mejor manera de sacar a relucir tu vida como soltero, querr\u00e1s aprovechar nuestras calientes strippers para una <a href=\"http:\/\/scb.localhost\/es\/despedida-soltero-barcelona\/\">despedida de soltero en Barcelona<\/a> que seguramente te dejar\u00e1 boquiabierto.<\/p>\n<p>En uno de estos eventos salvajes, puedes disfrutar de todos los servicios enumerados anteriormente, donde est\u00e1s buscando un espect\u00e1culo de striptease b\u00e1sico o te gustar\u00eda ir con tu stripper favorito. Pase lo que pase, \u00a1seguro que dejar\u00e1s tu vida de soltero con una explosi\u00f3n!<\/p>\n<p>Eso es porque cuando se trata de organizar una fiesta, Barcelona es el rey. Puedes disfrutar de tu \u00faltima noche de libertad mejor de lo que cre\u00edas posible con una fiesta que te cambiar\u00e1 la vida.<\/p>\n<p>T\u00f3malo de nosotros, cuando tengas una fiesta en esta ciudad, casi te arrepentir\u00e1s de casarte. Con suficientes strippers sexy para ti y todos tus amigos, puedes disfrutar de una amplia variedad de incre\u00edbles actuaciones para completar tu vida como hombre soltero.<\/p>\n<p>Ya sea que elijas reservar strippers para tu habitaci\u00f3n de hotel con nosotros o quieras usar nuestras conexiones para encontrar uno de los clubes m\u00e1s populares de la ciudad, te tenemos cubierto. Puedes estar seguro de que obtendr\u00e1s los mejores precios y las mejores y m\u00e1s sexys chicas. Estos artistas muy buenos trabajar\u00e1n horas extras para ayudarte a ti y a tus amigos a obtener todo lo que siempre has so\u00f1ado.<\/p>\n<p>Seamos honestos: \u00bfqu\u00e9 hombre no sue\u00f1a con estar rodeado de mujeres hermosas y desnudas? \u00a1Aqu\u00ed puedes comenzar a hacer realidad estos sue\u00f1os! Esto se debe a que las strippers saben lo que se necesita para mantenerte satisfecho y se aseguran de que recibas m\u00e1s que solo un vistazo.<\/p>\n<p>Ya sea que te gusten las mujeres con curvas o delgadas, y sin importar la raza o la nacionalidad, \u00a1puedes encontrar la perfecta para tu fiesta de <a href=\"http:\/\/scb.localhost\/es\/paquetes-bajo-coste\/\">despedida de soltero barata en Barcelona<\/a>! \u00a1Es por eso que la ciudad se ha convertido en una de las ciudades l\u00edderes para despedidas de soltero en todo el mundo!<\/p>\n<p>\u00bfMencionamos que Barcelona es la capital de la fiesta de Europa? Esta reputaci\u00f3n se deriva de algo m\u00e1s que los incre\u00edbles sexy shows de stripper: proviene de un ambiente inmejorable y excelentes bebidas tambi\u00e9n.<\/p>\n<p>As\u00ed es, \u00a1s\u00f3lo aqu\u00ed puedes encontrar la combinaci\u00f3n perfecta de alcohol y mujeres para que tu fiesta contin\u00fae toda la noche! Reserva algunas strippers con nosotros y conocerlas de cerca y personal para una acci\u00f3n caliente y pesada.<\/p>\n<p>Empieza tu noche despacio disfrutando de los hermosos cuerpos de estas mujeres mientras te excitas. Rodeado de mujeres calientes y tus amigos favoritos, \u00a1disfrutar\u00e1s de un ambiente de fiesta como nunca antes!<\/p>\n<p>Y eso es solo el comienzo. Las strippers son conocidas por brindar favores especiales adicionales a aquellos que est\u00e1n dispuestos a pagar, lo que significa que puedes obtener m\u00e1s de lo que esperabas mientras celebras una \u00faltima noche de libertad.<\/p>\n<p>Confiad en nosotros, muchachos: encontrar una stripper sexy (\u00a1o strippers sexy!) En Barcelona, Madrid, Sevilla o Mallorca es la manera perfecta de desahogarse antes de consolidar una relaci\u00f3n con una mujer por el resto de tu vida. \u00a1Prueba lo ex\u00f3tico y lo prohibido satisfaciendo tus instintos lujuriosos naturales con las chicas m\u00e1s sexys de toda Europa!<\/p>\n<p>Y no te olvides: si puedes reservar una stripper con nosotros, \u00a1tendr\u00e1s suficientes opciones excelentes para ti y todos tus amigos! Puedes encontrar diversi\u00f3n para todos, \u200b\u200bpero para la mejor experiencia posible, \u00a1no olvides reservar con nosotros!<\/p>\n<ul>\n<li><b>Fiesta De Despedida De Soltera<\/b><\/li>\n<\/ul>\n<p>No necesitas ser un hombre para disfrutar de sexy strippers en Barcelona, Madrid, Sevilla o Mallorca. \u00a1Organiza la mejor fiesta de despedida de soltera reservando strippers chicos que est\u00e9n listos y dispuestos a hacer todo lo que quieras que hagan! Si est\u00e1s buscando ver hombres sexys que muestran sus cuerpos (y tal vez hagan mucho m\u00e1s), no querr\u00e1s utilizar ning\u00fan otro servicio que no sea el nuestro. \u00a1Nuestra incre\u00edble variedad de opciones significa que puedes dejar atr\u00e1s tu vida de soltera de la mejor manera posible!<\/p>\n<p>Recuerda que cuando se trata de estos artistas masculinos, la ciudad tiene las mejores opciones disponibles. Se\u00f1oras, no se\u00e1is t\u00edmidas; sin embargo, os debemos advertir que nuestros artistas sexys son del tipo que sonrojan tu rostro.<\/p>\n<p>Observa a estos hombres fuertes y aptos que se quitan la ropa para revelar sus cuerpos musculosos. Estos hombres son todo lo que siempre has so\u00f1ado, y todo lo que has deseado que tu hombre pudiera ser. Hombres verdaderos en todos los sentidos del mundo, los sexy chicos strippers saben c\u00f3mo organizar un espect\u00e1culo sensual que te pondr\u00e1 un rubor en la cara y un fuego en las entra\u00f1as.<\/p>\n<p>Lo mejor de todo es que nuestra selecci\u00f3n de artistas masculinos incre\u00edbles tiene suficiente para mantenerte satisfecho a ti y a tus amigas durante toda la noche. Conoce a tu caballero con una armadura brillante para una aventura de una noche para m\u00e1s diversi\u00f3n de lo que podr\u00edas haber esperado.<\/p>\n<p>\u00bfNo est\u00e1s seguro de qu\u00e9 hacer en tu fiesta? Comienza con unos tragos con tus amigas mientras eliges a algunos de tus artistas favoritos. R\u00edete mientras coqueteas con estos sensuales strippers y haz que empiecen a soltar la ropa.<\/p>\n<p>Comenzar\u00e1n por quitar sus camisas para revelar abdominales duros como una roca que solo tendr\u00e1s que tocar. Luego, se desnudar\u00e1n hasta la ropa interior, revelando un bulto sexy que solo tendr\u00e1s que ver para creer.<\/p>\n<p>Y si alguna vez te has preguntado si el tama\u00f1o realmente importa, \u00a1lo descubrir\u00e1s despu\u00e9s de ver a nuestros artistas incre\u00edblemente sexy y dotados!<\/p>\n<p>No te olvides de los servicios asombrosos que estos hombres est\u00e1n dispuestos a realizar, desde bailes en el regazo hasta espect\u00e1culos de striptease y llevar todo delante de ti, estos hombres tienen pocos o ning\u00fan l\u00edmite a la hora de hacer que tu <a href=\"http:\/\/scb.localhost\/es\/despedida-soltera-barcelona\/\">despedida de soltera en Barcelona<\/a> sea la mejor que \u00a1alguna vez experimentar\u00e1s!<\/p>\n<\/div>\n\n\n\n<div id=\"\" class=\"wp-block-mrz-block-container container-full d-flex container-block f-align-center max-1200 mt-20 stripper-barca\">\n<div class=\"wp-block-mrz-block-column-full column-block column-full d-flex f-dir-col\">\r\n<section class=\"banner-block\" style=\"background-image: url('https:\/\/stripclubbarcelona.com\/wp-content\/uploads\/2018\/04\/why-barcelona-is-party-city.jpg')\">\r\n    <\/section>\r\n\n\n\n<h2 class=\"wp-block-mrz-block-heading headline headline--medium align-center\">\u00bfPor Qu\u00e9 Strip Club Barcelona?<\/h2>\n\n\n\n<p class=\"wp-block-mrz-block-content paragraph paragraph--normal align-center\">Ahora que hemos visto cu\u00e1n calientes y sexys pueden ser las\/los strippers, \u200b\u200bes hora de responder una \u00faltima pregunta: \u00bfpor qu\u00e9 deber\u00edas elegirnos?<br>Debido a la incre\u00edble facilidad y servicio que ofrecemos. \u00a1Hacemos que coordinar el espect\u00e1culo de stripper sexy perfecto para cualquier ocasi\u00f3n sea m\u00e1s f\u00e1cil que nunca! Ya sea que est\u00e9s buscando una noche en la ciudad con tus amigos, quieres organizar una despedida de soltero o soltera, o quieras reservar a las strippers en Barcelona, Madrid, Sevilla o Mallorca para que vengan a tu habitaci\u00f3n de hotel, \u00a1te tenemos cubierto! Estamos conectados con algunas de las mejores y m\u00e1s destacadas artistas de toda la ciudad, lo que significa que ofrecemos una selecci\u00f3n casi inmejorable.<br><br>Nuestra l\u00ednea sexy de strippers chicos y chicas te ayudar\u00e1n a disfrutar de una de las noches m\u00e1s sexys de tu vida.<br>\u00a1Y recuerda que cuando reservas con nosotros, no tienes que pasar horas buscando los strippers y clubes adecuados para tu evento! \u00a1En cambio, te traemos los mejores strippers directamente! Esto significa que nunca tendr\u00e1s que perderte nada de la diversi\u00f3n, sin importar la ocasi\u00f3n.<br><br>Con esto en mente, si est\u00e1s considerando una noche divertida en la ciudad, no querr\u00e1s perderte todo lo que tenemos para ofrecerte. Sal y estimula tus ojos, y tal vez a\u00fan m\u00e1s, al experimentar un espect\u00e1culo incre\u00edble con algunos de los hombres y mujeres m\u00e1s populares de toda Europa.<br>Y despu\u00e9s de experimentar uno de estos sexy shows de stripper en Barcelona, Madrid, Sevilla o Mallorca, \u200b\u200bestamos seguros de que te lo agradecer\u00e1s m\u00e1s tarde.<\/p>\n<\/div>\n<\/div>\n<\/section>\n","protected":false},"excerpt":{"rendered":"","protected":false},"author":1,"featured_media":0,"parent":0,"menu_order":0,"comment_status":"closed","ping_status":"closed","template":"","meta":{"footnotes":""},"class_list":["post-20474","page","type-page","status-publish","hentry"],"aioseo_notices":[],"_links":{"self":[{"href":"https:\/\/stripclubbarcelona.com\/es\/wp-json\/wp\/v2\/pages\/20474","targetHints":{"allow":["GET"]}}],"collection":[{"href":"https:\/\/stripclubbarcelona.com\/es\/wp-json\/wp\/v2\/pages"}],"about":[{"href":"https:\/\/stripclubbarcelona.com\/es\/wp-json\/wp\/v2\/types\/page"}],"author":[{"embeddable":true,"href":"https:\/\/stripclubbarcelona.com\/es\/wp-json\/wp\/v2\/users\/1"}],"replies":[{"embeddable":true,"href":"https:\/\/stripclubbarcelona.com\/es\/wp-json\/wp\/v2\/comments?post=20474"}],"version-history":[{"count":6,"href":"https:\/\/stripclubbarcelona.com\/es\/wp-json\/wp\/v2\/pages\/20474\/revisions"}],"predecessor-version":[{"id":20641,"href":"https:\/\/stripclubbarcelona.com\/es\/wp-json\/wp\/v2\/pages\/20474\/revisions\/20641"}],"wp:attachment":[{"href":"https:\/\/stripclubbarcelona.com\/es\/wp-json\/wp\/v2\/media?parent=20474"}],"curies":[{"name":"wp","href":"https:\/\/api.w.org\/{rel}","templated":true}]}}