{"id":20477,"date":"2026-02-13T21:53:49","date_gmt":"2026-02-13T20:53:49","guid":{"rendered":"https:\/\/stripclubbarcelona.com\/faq\/"},"modified":"2026-02-20T23:45:25","modified_gmt":"2026-02-20T22:45:25","slug":"faq","status":"publish","type":"page","link":"https:\/\/stripclubbarcelona.com\/es\/faq\/","title":{"rendered":"Preguntas frecuentes"},"content":{"rendered":"\n<section id=\"\" class=\"wp-block-mrz-block-section section-block container animate d-flex f-justify-center pattern inner-hero\">\n<div id=\"\" class=\"wp-block-mrz-block-container container-full d-flex container-block f-align-center\">\n<div class=\"wp-block-mrz-block-column-full column-block column-full d-flex\">\n<h3 class=\"wp-block-mrz-block-heading headline headline--subtitle align-center\">Preguntas frecuentes<\/h3>\n<\/div>\n<\/div>\n<\/section>\n\n\n\n<section id=\"\" class=\"wp-block-mrz-block-section section-block container animate d-flex f-justify-center\">\n<div id=\"\" class=\"wp-block-mrz-block-container container-full d-flex container-block f-dir-col max-1200 questions\">\n<div class=\"wp-block-mrz-block-column-full column-block column-full d-flex f-dir-col\">\n<p><strong>\u00bfQu\u00e9 hacemos?<\/strong><\/p>\n<p>\u00a0<\/p>\n<ul>\n<li>Somos una empresa de organizaci\u00f3n de eventos que principalmente organiza fiestas para grupos y ofrece servicios de transporte para clientes de strip clubs. Contamos con un servicio de recogida gratuita (servicio de shuttle) para nuestros clientes. El servicio de recogida est\u00e1 disponible para grupos de 1 a 30 personas. Para algunos clubes, tambi\u00e9n ofrecemos servicio de limusina para hasta 8 personas.<\/li>\n<\/ul>\n<p>\u00a0<\/p>\n<p><strong>\u00bfCon qu\u00e9 clubes colaboran?<\/strong><\/p>\n<p>\u00a0<\/p>\n<ul>\n<li>Trabajamos con todos los principales clubes y tambi\u00e9n con algunos clubes de escorts. Realizamos reservas de mesas en los clubes y organizamos fiestas para grupos en los locales.<\/li>\n<\/ul>\n<p>\u00a0<\/p>\n<p><strong>\u00bfA qu\u00e9 hora abren los clubes?<\/strong><\/p>\n<p>\u00a0<\/p>\n<ul>\n<li>El horario de apertura depende del d\u00eda de la semana, pero generalmente abren a las 21:00 o 22:00 y cierran a las 04:00. Los viernes y s\u00e1bados cierran m\u00e1s tarde, entre las 05:00 y las 06:00. Cada club tiene su propio horario.<\/li>\n<\/ul>\n<p>\u00a0<\/p>\n<p><strong>\u00bfC\u00f3mo funciona el servicio de recogida (transporte gratuito)?<\/strong><\/p>\n<p>\u00a0<\/p>\n<ul>\n<li>Es muy sencillo. Te pones en contacto con nosotros en el momento en que necesites el transporte, ya sea por llamada telef\u00f3nica o mensaje de WhatsApp, y nos indicas d\u00f3nde te encuentras. Se recomienda enviarnos tu ubicaci\u00f3n a trav\u00e9s de Google Maps si es posible. Enviamos al conductor, que te recoge y te lleva al club de tu elecci\u00f3n.<\/li>\n<\/ul>\n<p>\u00a0<\/p>\n<p><strong>\u00bfCu\u00e1nto tiempo tarda el coche en recogerme?<\/strong><\/p>\n<p>\u00a0<\/p>\n<ul>\n<li>Depende de la distancia entre el conductor y tu ubicaci\u00f3n, as\u00ed como del tr\u00e1fico. Barcelona es una ciudad grande y las distancias pueden variar; normalmente el tiempo de espera es de entre 10 y 20 minutos, y en casos excepcionales hasta 30 minutos.<\/li>\n<\/ul>\n<p>\u00a0<\/p>\n<p><strong>\u00bfCu\u00e1nto cuesta la entrada?<\/strong><\/p>\n<p>\u00a0<\/p>\n<ul>\n<li>Generalmente, la entrada a los clubes cuesta 20 \u20ac, normalmente con 1 bebida incluida. Algunos clubes cobran 30 \u20ac e incluyen 2 bebidas. Tambi\u00e9n tenemos una selecci\u00f3n de clubes con entrada gratuita, pero es obligatorio consumir al menos una bebida dentro. Una cerveza puede costar unos 10 \u20ac y una copa alrededor de 20 \u20ac. No olvides que ahorrar\u00e1s dinero en transporte gracias a nuestro servicio de recogida gratuita (no necesitas pagar taxi).<\/li>\n<\/ul>\n<p>\u00a0<\/p>\n<p><strong>\u00bfC\u00f3mo funcionan el servicio de mesas y botellas?<\/strong><\/p>\n<p>\u00a0<\/p>\n<ul>\n<li>Debes contactarnos por WhatsApp, llamada telef\u00f3nica o formulario de contacto e indicarnos el club donde deseas hacer la reserva, el n\u00famero de personas, la fecha de la reserva y el lugar de recogida. Nos encargamos de realizar la reserva con el club sin cargos adicionales.<\/li>\n<\/ul>\n<p>\u00a0<\/p>\n<p><strong>\u00bfCu\u00e1l es la edad m\u00ednima para entrar a un club?<\/strong><\/p>\n<p>\u00a0<\/p>\n<ul>\n<li>Generalmente es de 18 a\u00f1os, pero hay algunos clubes que solo permiten la entrada a mayores de 21 a\u00f1os. Pueden solicitar pasaporte o documento de identidad para permitir el acceso.<\/li>\n<\/ul>\n<p>\u00a0<\/p>\n<p><strong>\u00bfLos clubes son completamente desnudos?<\/strong><\/p>\n<p>\u00a0<\/p>\n<ul>\n<li>No, la ley no permite el desnudo total en los clubes. Sin embargo, en algunos clubes existen salas privadas.<\/li>\n<\/ul>\n<p>\u00a0<\/p>\n<p><strong>\u00bfC\u00f3mo puedo pagar?<\/strong><\/p>\n<p>\u00a0<\/p>\n<ul>\n<li>Puedes pagar en la entrada del local en efectivo o con tarjeta de cr\u00e9dito. Si compras nuestros paquetes online, todos los pagos se realizan en un entorno seguro y los datos de tu tarjeta no se almacenan. Aceptamos tarjetas de cr\u00e9dito y d\u00e9bito, as\u00ed como pagos con PayPal. Actualmente utilizamos PayPal como pasarela de pago, pero puedes pagar con tu tarjeta sin necesidad de tener una cuenta de PayPal.<\/li>\n<\/ul>\n<p>\u00a0<\/p>\n<p><strong>\u00bfPuedo hacer una reserva sin pagar por adelantado?<\/strong><\/p>\n<p>\u00a0<\/p>\n<ul>\n<li>Yes you can make a booking without paying in advance, you can pay once you are at the venue. But if you want to be 100% sure you will have your table for your group it&#8217;s recommended to pay in advance online at least the 25% of the price of the packages.<\/li>\n<\/ul>\n<p>\u00a0<\/p>\n<p><strong>\u00bfPuedo obtener un descuento?<\/strong><\/p>\n<p>\u00a0<\/p>\n<ul>\n<li>S\u00ed, ofrecemos un descuento del 15 % si pagas 30 d\u00edas antes de la reserva. En algunos casos, para grupos grandes, podemos ofrecer descuentos incluso si faltan menos de 30 d\u00edas. Cu\u00e9ntanos tu caso y puede que te apliquemos el descuento. Ten en cuenta que los descuentos solo est\u00e1n disponibles para pagos online. Los precios online son mucho m\u00e1s econ\u00f3micos que los pagos en efectivo en la entrada del local.<\/li>\n<\/ul>\n<p>\u00a0<\/p>\n<p><strong>\u00bfPuedo solicitar un reembolso si cambio de opini\u00f3n sobre una entrada o paquete comprado?<\/strong><\/p>\n<p>\u00a0<\/p>\n<ul>\n<li>S\u00ed, contamos con una pol\u00edtica de reembolso. Puedes consultarla en nuestra p\u00e1gina de pol\u00edtica de reembolsos.<\/li>\n<\/ul>\n<p>\u00a0<\/p>\n<p><strong>No encuentro d\u00f3nde elegir la fecha de mi reserva al hacer la compra, \u00bfes un problema?<\/strong><\/p>\n<p>\u00a0<\/p>\n<ul>\n<li>No, no te preocupes. Despu\u00e9s de comprar la entrada o el paquete, debes ponerte en contacto con nosotros para indicarnos el club, la fecha y el n\u00famero de personas. Tambi\u00e9n puedes decirnos si ya sabes el lugar de recogida.<\/li>\n<\/ul>\n<p>\u00a0<\/p>\n<p><strong>\u00bfCu\u00e1nto cuesta un lap dance, baile privado o striptease?<\/strong><\/p>\n<p>\u00a0<\/p>\n<ul>\n<li>Disponemos de algunos paquetes que ya incluyen lap dance o baile privado. Si no compras un paquete y solo accedes al club con nuestro servicio de transporte y pagas la entrada, deber\u00e1s consultar directamente en el local los precios de los dem\u00e1s servicios.<br data-start=\"4851\" data-end=\"4854\" \/>Generalmente, los precios de los lap dances comienzan desde 60 \u20ac, los table dances desde 60 \u20ac y los bailes privados desde 150 \u20ac por 30 minutos. Los precios los establecen las bailarinas, por lo que tendr\u00e1s que negociar con ellas; algunas pedir\u00e1n m\u00e1s y otras menos. En algunos clubes hay zonas semiprivadas y en otros hay salas o suites completamente privadas donde puedes disfrutar de un baile privado.<\/li>\n<\/ul>\n<p>\u00a0<\/p>\n<\/div>\n<\/div>\n<\/section>\n","protected":false},"excerpt":{"rendered":"","protected":false},"author":1,"featured_media":0,"parent":0,"menu_order":0,"comment_status":"closed","ping_status":"closed","template":"","meta":{"footnotes":""},"class_list":["post-20477","page","type-page","status-publish","hentry"],"aioseo_notices":[],"_links":{"self":[{"href":"https:\/\/stripclubbarcelona.com\/es\/wp-json\/wp\/v2\/pages\/20477","targetHints":{"allow":["GET"]}}],"collection":[{"href":"https:\/\/stripclubbarcelona.com\/es\/wp-json\/wp\/v2\/pages"}],"about":[{"href":"https:\/\/stripclubbarcelona.com\/es\/wp-json\/wp\/v2\/types\/page"}],"author":[{"embeddable":true,"href":"https:\/\/stripclubbarcelona.com\/es\/wp-json\/wp\/v2\/users\/1"}],"replies":[{"embeddable":true,"href":"https:\/\/stripclubbarcelona.com\/es\/wp-json\/wp\/v2\/comments?post=20477"}],"version-history":[{"count":4,"href":"https:\/\/stripclubbarcelona.com\/es\/wp-json\/wp\/v2\/pages\/20477\/revisions"}],"predecessor-version":[{"id":20665,"href":"https:\/\/stripclubbarcelona.com\/es\/wp-json\/wp\/v2\/pages\/20477\/revisions\/20665"}],"wp:attachment":[{"href":"https:\/\/stripclubbarcelona.com\/es\/wp-json\/wp\/v2\/media?parent=20477"}],"curies":[{"name":"wp","href":"https:\/\/api.w.org\/{rel}","templated":true}]}}