{"id":20677,"date":"2025-09-08T02:33:07","date_gmt":"2025-09-08T00:33:07","guid":{"rendered":"https:\/\/stripclubbarcelona.com\/product\/susi\/"},"modified":"2026-02-21T19:59:32","modified_gmt":"2026-02-21T18:59:32","slug":"susi","status":"publish","type":"product","link":"https:\/\/stripclubbarcelona.com\/es\/product\/susi\/","title":{"rendered":"Susi"},"content":{"rendered":"<h2>Susi \u2013 Stripper para despedidas en Barcelona<\/h2>\n<p>\u00bfBuscas realzar tu evento con una actuaci\u00f3n que combine elegancia y emoci\u00f3n con una <a title=\"Female Stripper Barcelona\" href=\"http:\/\/scb.localhost\/es\/mujeres-strippers\/\">mujer stripper en Barcelona<\/a>? Susi es la opci\u00f3n ideal. Seg\u00fan las plataformas locales de eventos, ofrece una experiencia profundamente er\u00f3tica e inolvidable, con una presencia esc\u00e9nica impactante y tem\u00e1ticas creativas. Una descripci\u00f3n destaca sus actuaciones de cuerpo completo, realzadas con aceite o hielo, y su habilidad para disfrazarse en roles ic\u00f3nicos, ya sea una sensual agente de polic\u00eda, una ex\u00f3tica artista de cabaret o una misteriosa princesa \u00e1rabe, lo que hace que sus espect\u00e1culos sean vers\u00e1tiles y est\u00e9n hechos a medida para deleitar.<\/p>\n<p><strong>\u00bfPor qu\u00e9 reservar con Susi en Barcelona?<\/strong><\/p>\n<ul>\n<li>Reserva tu evento con solo 99 \u20ac de dep\u00f3sito online: reserva r\u00e1pida y sencilla, asegurando tu fecha.<\/li>\n<li>Paga el precio del espect\u00e1culo (139 \u20ac) online o en el evento: elige la opci\u00f3n que mejor se adapte a tu grupo.<\/li>\n<li>Transporte incluido dentro de Barcelona: sin complicaciones log\u00edsticas. Se aplican cargos adicionales solo para lugares fuera de la ciudad.<\/li>\n<li>Actuaciones personalizables e impactantes: la elaborada tem\u00e1tica de Susi y el uso de atrezo como hielo o aceite, as\u00ed como la versatilidad de sus personajes, te permiten adaptar el ambiente del espect\u00e1culo al estilo de tu fiesta.<\/li>\n<li>Perfecto para cualquier celebraci\u00f3n, desde despedidas de soltero\/a hasta cumplea\u00f1os y fiestas privadas que buscan un toque emocionante y memorable.<\/li>\n<\/ul>\n<p><strong>Qu\u00e9 esperar<\/strong><\/p>\n<p>Cada actuaci\u00f3n de Susi dura aproximadamente 15 minutos, tiempo suficiente para cautivar al p\u00fablico y dejar una impresi\u00f3n imborrable. Su impactante coreograf\u00eda, su energ\u00eda seductora y sus espect\u00e1culos tem\u00e1ticos crean una experiencia inmersiva que deja a todos con la boca abierta mucho despu\u00e9s del final.<\/p>\n<p><strong>Reserva sin esfuerzo<\/strong><\/p>\n<p>Simplemente selecciona tu fecha y hora preferidas, paga el dep\u00f3sito online y, opcionalmente, a\u00f1ade el tipo de espect\u00e1culo que elijas para una reserva sin complicaciones. El d\u00eda del evento, Susi llegar\u00e1 con profesionalidad y lista para transformar tu evento con su cautivadora presencia.<\/p>\n<p>\u00bfBuscas un espect\u00e1culo emocionante, tem\u00e1tico e inolvidable? Reserva a Susi hoy mismo con solo 99 \u20ac de dep\u00f3sito y aseg\u00farate una de las artistas m\u00e1s comentadas de Barcelona para una noche inolvidable para tus invitados.<\/p>\n","protected":false},"excerpt":{"rendered":"<ul>\n<li data-start=\"178\" data-end=\"227\">\n<p data-start=\"180\" data-end=\"227\">\ud83d\udd12 Reserva online con solo 99\u20ac de dep\u00f3sito<\/p>\n<\/li>\n<li data-start=\"228\" data-end=\"295\">\n<p data-start=\"230\" data-end=\"295\">\ud83d\udcb3 Elige c\u00f3mo pagar: resto en el evento o todo online<\/p>\n<\/li>\n<li data-start=\"296\" data-end=\"367\">\n<p data-start=\"298\" data-end=\"367\">\ud83d\ude97 Transporte incluido en la ciudad (extra fuera de ella)<\/p>\n<\/li>\n<li data-start=\"368\" data-end=\"433\">\n<p data-start=\"370\" data-end=\"433\">\ud83c\udfad Personaliza tu experiencia: selecciona el tipo de baile\/show:<\/p>\n<\/li>\n<\/ul>\n","protected":false},"featured_media":19928,"comment_status":"open","ping_status":"closed","template":"","meta":[],"product_brand":[],"product_cat":[213],"product_tag":[],"class_list":{"0":"post-20677","1":"product","2":"type-product","3":"status-publish","4":"has-post-thumbnail","6":"product_cat-mujeres-stripper","8":"first","9":"instock","10":"downloadable","11":"shipping-taxable","12":"purchasable","13":"product-type-simple"},"aioseo_notices":[],"_links":{"self":[{"href":"https:\/\/stripclubbarcelona.com\/es\/wp-json\/wp\/v2\/product\/20677","targetHints":{"allow":["GET"]}}],"collection":[{"href":"https:\/\/stripclubbarcelona.com\/es\/wp-json\/wp\/v2\/product"}],"about":[{"href":"https:\/\/stripclubbarcelona.com\/es\/wp-json\/wp\/v2\/types\/product"}],"replies":[{"embeddable":true,"href":"https:\/\/stripclubbarcelona.com\/es\/wp-json\/wp\/v2\/comments?post=20677"}],"wp:featuredmedia":[{"embeddable":true,"href":"https:\/\/stripclubbarcelona.com\/es\/wp-json\/wp\/v2\/media\/19928"}],"wp:attachment":[{"href":"https:\/\/stripclubbarcelona.com\/es\/wp-json\/wp\/v2\/media?parent=20677"}],"wp:term":[{"taxonomy":"product_brand","embeddable":true,"href":"https:\/\/stripclubbarcelona.com\/es\/wp-json\/wp\/v2\/product_brand?post=20677"},{"taxonomy":"product_cat","embeddable":true,"href":"https:\/\/stripclubbarcelona.com\/es\/wp-json\/wp\/v2\/product_cat?post=20677"},{"taxonomy":"product_tag","embeddable":true,"href":"https:\/\/stripclubbarcelona.com\/es\/wp-json\/wp\/v2\/product_tag?post=20677"}],"curies":[{"name":"wp","href":"https:\/\/api.w.org\/{rel}","templated":true}]}}