{"id":20680,"date":"2025-09-07T07:34:55","date_gmt":"2025-09-07T05:34:55","guid":{"rendered":"https:\/\/stripclubbarcelona.com\/product\/valentina\/"},"modified":"2026-02-21T20:01:17","modified_gmt":"2026-02-21T19:01:17","slug":"valentina","status":"publish","type":"product","link":"https:\/\/stripclubbarcelona.com\/es\/product\/valentina\/","title":{"rendered":"Valentina"},"content":{"rendered":"<h2>Valentina \u2013 La Fascinante Stripper de Mallorca<\/h2>\n<p>Si quieres que tu fiesta en Mallorca sea el centro de atenci\u00f3n, Valentina es la artista ideal. Con impactantes im\u00e1genes profesionales en su p\u00e1gina de producto y una presencia esc\u00e9nica segura y glamurosa, Valentina ofrece una combinaci\u00f3n de elegancia sensual y entretenimiento lleno de energ\u00eda, ideal para despedidas de soltero, cumplea\u00f1os y eventos privados para quienes buscan <a title=\"Mujeres Stripper Mallorca\" href=\"http:\/\/scb.localhost\/es\/mujeres-strippers\/\">strippers mujeres en Mallorca<\/a>. Las fotos de la p\u00e1gina muestran su impecable apariencia y estilo impecable, ideal para clientes que buscan un espect\u00e1culo memorable y de primera calidad.<\/p>\n<p>Los espect\u00e1culos de Valentina est\u00e1n dise\u00f1ados para entretener: coreograf\u00edas fluidas, interacci\u00f3n divertida con los invitados y un ritmo seductor que culmina en un final espectacular. Su espect\u00e1culo es adaptable: tanto si buscas un striptease refinado que enfatice la elegancia como una rutina m\u00e1s animada que anime a todo el p\u00fablico, Valentina interpreta el ambiente y adapta su actuaci\u00f3n al ambiente de tu evento.<\/p>\n<p><strong>\u00bfPor qu\u00e9 reservar a Valentina en Mallorca?<\/strong><\/p>\n<ul>\n<li>Reserva f\u00e1cilmente con un dep\u00f3sito de 99 \u20ac: reserva tu fecha online en segundos.<\/li>\n<li>Opciones de pago flexibles: paga el saldo restante en el evento o completa el pago completo online al seleccionar un baile\/espect\u00e1culo.<\/li>\n<li>Transporte incluido dentro de Mallorca: log\u00edstica sencilla; se aplican cargos adicionales solo para ubicaciones fuera de la isla.<\/li>\n<li>Perfecta para todo tipo de ocasiones, desde fiestas privadas \u00edntimas hasta grandes despedidas de soltero\/a.<\/li>\n<\/ul>\n<p><strong>Reservar a Valentina es muy sencillo:<\/strong> elige tu fecha y hora, a\u00f1ade el tipo de baile\/espect\u00e1culo que prefieras al finalizar la compra si quieres pagar el total, o paga el dep\u00f3sito y liquida el resto m\u00e1s tarde. Esperamos un servicio puntual y profesional. Valentina y la agencia priorizan la discreci\u00f3n, el respeto y la puntualidad para que su evento transcurra sin contratiempos.<\/p>\n<p>Reserve a Valentina hoy mismo con un dep\u00f3sito de 99 \u20ac y dele a su fiesta en Mallorca el espect\u00e1culo que se merece: elegante, sensual e inolvidable.<\/p>\n","protected":false},"excerpt":{"rendered":"<ul>\n<li data-start=\"178\" data-end=\"227\">\n<p data-start=\"180\" data-end=\"227\">\ud83d\udd12 Reserva online con solo 99\u20ac de dep\u00f3sito<\/p>\n<\/li>\n<li data-start=\"228\" data-end=\"295\">\n<p data-start=\"230\" data-end=\"295\">\ud83d\udcb3 Elige c\u00f3mo pagar: resto en el evento o todo online<\/p>\n<\/li>\n<li data-start=\"296\" data-end=\"367\">\n<p data-start=\"298\" data-end=\"367\">\ud83d\ude97 Transporte incluido en la ciudad (extra fuera de ella)<\/p>\n<\/li>\n<li data-start=\"368\" data-end=\"433\">\n<p data-start=\"370\" data-end=\"433\">\ud83c\udfad Personaliza tu experiencia: selecciona el tipo de baile\/show:<\/p>\n<\/li>\n<\/ul>\n","protected":false},"featured_media":19915,"comment_status":"open","ping_status":"closed","template":"","meta":[],"product_brand":[],"product_cat":[213],"product_tag":[],"class_list":{"0":"post-20680","1":"product","2":"type-product","3":"status-publish","4":"has-post-thumbnail","6":"product_cat-mujeres-stripper","8":"first","9":"instock","10":"downloadable","11":"shipping-taxable","12":"purchasable","13":"product-type-simple"},"aioseo_notices":[],"_links":{"self":[{"href":"https:\/\/stripclubbarcelona.com\/es\/wp-json\/wp\/v2\/product\/20680","targetHints":{"allow":["GET"]}}],"collection":[{"href":"https:\/\/stripclubbarcelona.com\/es\/wp-json\/wp\/v2\/product"}],"about":[{"href":"https:\/\/stripclubbarcelona.com\/es\/wp-json\/wp\/v2\/types\/product"}],"replies":[{"embeddable":true,"href":"https:\/\/stripclubbarcelona.com\/es\/wp-json\/wp\/v2\/comments?post=20680"}],"wp:featuredmedia":[{"embeddable":true,"href":"https:\/\/stripclubbarcelona.com\/es\/wp-json\/wp\/v2\/media\/19915"}],"wp:attachment":[{"href":"https:\/\/stripclubbarcelona.com\/es\/wp-json\/wp\/v2\/media?parent=20680"}],"wp:term":[{"taxonomy":"product_brand","embeddable":true,"href":"https:\/\/stripclubbarcelona.com\/es\/wp-json\/wp\/v2\/product_brand?post=20680"},{"taxonomy":"product_cat","embeddable":true,"href":"https:\/\/stripclubbarcelona.com\/es\/wp-json\/wp\/v2\/product_cat?post=20680"},{"taxonomy":"product_tag","embeddable":true,"href":"https:\/\/stripclubbarcelona.com\/es\/wp-json\/wp\/v2\/product_tag?post=20680"}],"curies":[{"name":"wp","href":"https:\/\/api.w.org\/{rel}","templated":true}]}}