{"id":20690,"date":"2025-09-06T03:54:21","date_gmt":"2025-09-06T01:54:21","guid":{"rendered":"https:\/\/stripclubbarcelona.com\/product\/hasani\/"},"modified":"2026-02-21T19:39:30","modified_gmt":"2026-02-21T18:39:30","slug":"hasani","status":"publish","type":"product","link":"https:\/\/stripclubbarcelona.com\/es\/male-strippers-sevilla\/hasani\/","title":{"rendered":"Hasani"},"content":{"rendered":"<h2>Hasani \u2013 El Irresistible Stripper Masculino de Sevilla<\/h2>\n<p>\u00bfListo para encender la energ\u00eda de tu evento? No busques m\u00e1s: Hasani es un <a title=\"Stripper Hombre Sevilla\" href=\"http:\/\/scb.localhost\/es\/hombres-strippers\/\">stripper hombre en Sevilla<\/a> de primer nivel, reconocido por su carisma, presencia cautivadora y extraordinario dominio del escenario. Ya sea que est\u00e9s organizando una despedida de soltera, un cumplea\u00f1os o una fiesta privada, Hasani ofrece un espect\u00e1culo que transformar\u00e1 tu celebraci\u00f3n en una experiencia inolvidable.<\/p>\n<p>Con un cuerpo escultural, una confianza magn\u00e9tica y un estilo impecable, Hasani aporta una mezcla electrizante de sensualidad y entretenimiento. Su actuaci\u00f3n combina coreograf\u00edas impactantes, interacci\u00f3n con el p\u00fablico y un toque de picard\u00eda\u2014perfecto para crear recuerdos vivos que perduren mucho despu\u00e9s de que termine la fiesta.<\/p>\n<p><strong>\u00bfPor qu\u00e9 elegir a Hasani en Sevilla?<\/strong><\/p>\n<ul>\n<li>Reserva f\u00e1cil con solo un dep\u00f3sito \u2013 Asegura tu fecha con una sencilla reserva online, con tranquilidad y flexibilidad.<\/li>\n<li>Opciones de pago transparentes \u2013 Elige pagar el resto del show online o directamente en tu evento.<\/li>\n<li>Fiable y profesional \u2013 Como uno de los artistas m\u00e1s solicitados de Sevilla, Hasani garantiza respeto, puntualidad y una experiencia de alto nivel.<\/li>\n<li>Transporte incluido en Sevilla \u2013 Llegada sin complicaciones al lugar de tu fiesta, con coste adicional \u00fanicamente si el evento es fuera de la ciudad.<\/li>\n<li>Perfecto para cualquier celebraci\u00f3n \u2013 Ideal para despedidas de soltera, cumplea\u00f1os, reuniones \u00edntimas o cualquier ocasi\u00f3n que requiera energ\u00eda y entretenimiento sensual.<\/li>\n<\/ul>\n<p><strong>Reserva sencilla<\/strong><\/p>\n<p>Reservar a Hasani es muy f\u00e1cil: elige la fecha y la hora de tu evento, paga el dep\u00f3sito y deja que \u00e9l se encargue del resto\u2014llegando preparado para deslumbrar y entretener. Te encantar\u00e1 lo sencillo que es elevar tu fiesta con un espect\u00e1culo que combina sofisticaci\u00f3n y desenfreno.<\/p>\n<p>Ya busques un striptease elegante o una actuaci\u00f3n cargada de energ\u00eda, Hasani adapta su show al ambiente de tu evento. Disfruta de coreograf\u00edas fluidas, interacci\u00f3n seductora y una atm\u00f3sfera que mezcla encanto, emoci\u00f3n y arte.<\/p>\n<p>Reserva hoy mismo a Hasani con solo un dep\u00f3sito y asegura un espect\u00e1culo ardiente que llenar\u00e1 tu celebraci\u00f3n en Sevilla de energ\u00eda y recuerdos inolvidables.<\/p>\n","protected":false},"excerpt":{"rendered":"<ul>\n<li data-start=\"178\" data-end=\"227\">\n<p data-start=\"180\" data-end=\"227\">\ud83d\udd12 Reserva online con solo 99\u20ac de dep\u00f3sito<\/p>\n<\/li>\n<li data-start=\"228\" data-end=\"295\">\n<p data-start=\"230\" data-end=\"295\">\ud83d\udcb3 Elige c\u00f3mo pagar: resto en el evento o todo online<\/p>\n<\/li>\n<li data-start=\"296\" data-end=\"367\">\n<p data-start=\"298\" data-end=\"367\">\ud83d\ude97 Transporte incluido en la ciudad (extra fuera de ella)<\/p>\n<\/li>\n<li data-start=\"368\" data-end=\"433\">\n<p data-start=\"370\" data-end=\"433\">\ud83c\udfad Personaliza tu experiencia: selecciona el tipo de baile\/show:<\/p>\n<\/li>\n<\/ul>\n","protected":false},"featured_media":19886,"comment_status":"open","ping_status":"closed","template":"","meta":[],"product_brand":[],"product_cat":[216],"product_tag":[],"class_list":{"0":"post-20690","1":"product","2":"type-product","3":"status-publish","4":"has-post-thumbnail","6":"product_cat-hombres-stripper","8":"first","9":"instock","10":"downloadable","11":"shipping-taxable","12":"purchasable","13":"product-type-simple"},"aioseo_notices":[],"_links":{"self":[{"href":"https:\/\/stripclubbarcelona.com\/es\/wp-json\/wp\/v2\/product\/20690","targetHints":{"allow":["GET"]}}],"collection":[{"href":"https:\/\/stripclubbarcelona.com\/es\/wp-json\/wp\/v2\/product"}],"about":[{"href":"https:\/\/stripclubbarcelona.com\/es\/wp-json\/wp\/v2\/types\/product"}],"replies":[{"embeddable":true,"href":"https:\/\/stripclubbarcelona.com\/es\/wp-json\/wp\/v2\/comments?post=20690"}],"wp:featuredmedia":[{"embeddable":true,"href":"https:\/\/stripclubbarcelona.com\/es\/wp-json\/wp\/v2\/media\/19886"}],"wp:attachment":[{"href":"https:\/\/stripclubbarcelona.com\/es\/wp-json\/wp\/v2\/media?parent=20690"}],"wp:term":[{"taxonomy":"product_brand","embeddable":true,"href":"https:\/\/stripclubbarcelona.com\/es\/wp-json\/wp\/v2\/product_brand?post=20690"},{"taxonomy":"product_cat","embeddable":true,"href":"https:\/\/stripclubbarcelona.com\/es\/wp-json\/wp\/v2\/product_cat?post=20690"},{"taxonomy":"product_tag","embeddable":true,"href":"https:\/\/stripclubbarcelona.com\/es\/wp-json\/wp\/v2\/product_tag?post=20690"}],"curies":[{"name":"wp","href":"https:\/\/api.w.org\/{rel}","templated":true}]}}