{"id":20774,"date":"2018-06-19T12:42:24","date_gmt":"2018-06-19T12:42:24","guid":{"rendered":"https:\/\/stripclubbarcelona.com\/product\/package-for-couples\/"},"modified":"2026-02-21T19:54:31","modified_gmt":"2026-02-21T18:54:31","slug":"paquete-para-parejas","status":"publish","type":"product","link":"https:\/\/stripclubbarcelona.com\/es\/product\/paquete-para-parejas\/","title":{"rendered":"Paquete Para Parejas"},"content":{"rendered":"<p><em>*Los paquetes son para parejas, hombre en la compa\u00f1ia de su mujer, amiga&#8230;<\/em><br \/>\n<em>*Estos paquetes son v\u00e1lidos para todos los clubes de striptease con los que colaboramos.<\/em><br \/>\n<em>* Tienes que elegir el club y la fecha para la que deseas reservar.<\/em><\/p>\n<p><b><a id=\"link1\"><\/a>Info sobre la bebida para la bailarina:<\/b><\/p>\n<p>La bebida para la bailarina esta incluida solamente si agregas<br \/>\nal paquete basico un baile de mesa o baile striptease.<\/p>\n<p><strong>A los servicios ya incluidos puedes agregar extras para tu grupo:<\/strong><\/p>\n<p>&#8211; Baile de mesa.<br \/>\n&#8211; Baile striptease en tu mesa.<br \/>\n&#8211; Botella de licores y refrescos.<\/p>\n<h2 style=\"text-align: center;\">Strip Clubs Para Parejas En Barcelona<\/h2>\n<p>\u00a1Aqu\u00ed en <a href=\"http:\/\/scb.localhost\/es\/\">Strip Club Barcelona<\/a> creemos sinceramente que ofrecemos los mejores paquetes de strip club para parejas del mundo! Somos los mejores en cuanto se trata de clubes de striptease en Barcelona que aceptan parejas y usamos nuestra buena relaci\u00f3n con ellos para obtener el mejor precio posible para tu paquete. Sabemos que puede ser dif\u00edcil encontrar un club de striptease amigable con parejas en Barcelona, \u200b\u200bpero no te preocupes porque nosotros nos encargamos de todo. Sigue leyendo para ver por qu\u00e9 nuestro paquete para parejas es perfecto para ti.<\/p>\n<p><b>\u00bfQue hay incluido en el paquete?<\/b><\/p>\n<p>Nuestro paquete b\u00e1sico para parejas te ofrece una excelente relaci\u00f3n calidad-precio, ya que solo cuesta 69 euros por pareja. Nuestro fant\u00e1stico paquete incluye reserva de mesa VIP para que no teng\u00e1is que esperar para sentaros. Dos tragos de bienvenida y un trago especial para la bailarina que os har\u00e1 un baile. La tarifa de entrada a uno de los mejores clubes de striptease para parejas en Barcelona tambi\u00e9n est\u00e1 incluida en tu reserva. Incluso tenemos vuestro transporte cubierto tambi\u00e9n.<\/p>\n<p><b>\u00bfQu\u00e9 extras puedo agregar a mi paquete para parejas?<\/b><\/p>\n<p>Tenemos algunos extras fant\u00e1sticos que puedes agregar a tu reserva. Todos estos son opcionales, pero si quieres llevar tu noche en Barcelona al siguiente nivel, \u00a1as\u00ed es como lo haces!<\/p>\n<p><b>Lap Dance:<\/b> como conocemos todos los clubes de striptease que aceptan parejas en Barcelona, \u200b\u200b\u00a1sabemos a cu\u00e1les les encanta entretener a las parejas con un baile er\u00f3tico! Eso es correcto por solo 60 euros, podeis agregar un lap dance muy er\u00f3tico a vuestra reserva.<\/p>\n<p><b>Strip Dance:<\/b> una de las ventajas que nos brinda saber cuales son los mejores bares de striptease de Barcelona que aceptan parejas es que podemos conseguir grandes ofertas para los bailes de striptease. As\u00ed es, tendr\u00e9is una chica que se quita la ropa y presenta un espect\u00e1culo fenomenal para vosotros. Esto solo cuesta 100 euros y os prometemos que no os sentir\u00e9is decepcionados con la bailarina que har\u00e1 el espect\u00e1culo para vosotros.<\/p>\n<p><b>Bebidas:<\/b> Pod\u00e9is a\u00f1adir bebida extra y te ofrecemos una oferta especial donde puedes obtener tu botella de bebida alcoh\u00f3lica y refrescos. Con esta extra pod\u00e9is estar seguros de que est\u00e1is bien atendidos durante la noche. Esto cuesta 199 euros adicionales, as\u00ed que aseg\u00farate de preguntarnos si esto es algo que te interesa.<\/p>\n<p><b>\u00bfC\u00f3mo puedo reservar?<\/b><\/p>\n<p>Una de las cosas en las que hemos puesto mucho esfuerzo es asegurarnos de que tu reserva sea lo m\u00e1s f\u00e1cil posible. Una vez que hayas seleccionado el paquete que deseas, puedes elegir tus extras, elegir el club y luego la fecha. No podr\u00eda ser m\u00e1s simple, pero siempre estamos disponibles para ayudarte si lo necesitas. Nosotros \u200b\u200bqueremos asegurarnos de que disfrutareis de un momento divertido y salvaje. Es por eso que solo tratamos con los mejores clubs de striptease para parejas. Sabemos que vais a pasar una muy buena noche y te aseguramos que nuestro paquete para parejas es ideal para aquellos que buscan algo especial para hacer juntos. Mira aqu\u00ed m\u00e1s: <a href=\"http:\/\/scb.localhost\/es\/paquetes\/\">paquetes fiesta Barcelona<\/a>.<\/p>\n","protected":false},"excerpt":{"rendered":"<p><em>* 69 \u20ac \/ pareja<\/em><br \/>\n<em>* Pacquete solo para parejas (hombre + mujer)<\/em><\/p>\n<p><strong>Servicios incluidos:<\/strong><\/p>\n<p>Reserva de mesas VIP<br \/>\n2 Bebidas de bienvenida<br \/>\n1 Bebida para bailarina <a href=\"#link1\">Clic Info<\/a><br \/>\n2 Entradas al club<br \/>\nTransporte (servicio de recogida)<\/p>\n<p><strong>Agrega Extras:<\/strong><\/p>\n","protected":false},"featured_media":10419,"comment_status":"open","ping_status":"closed","template":"","meta":[],"product_brand":[],"product_cat":[218],"product_tag":[],"class_list":{"0":"post-20774","1":"product","2":"type-product","3":"status-publish","4":"has-post-thumbnail","6":"product_cat-paquetes","8":"first","9":"instock","10":"downloadable","11":"shipping-taxable","12":"purchasable","13":"product-type-simple"},"aioseo_notices":[],"_links":{"self":[{"href":"https:\/\/stripclubbarcelona.com\/es\/wp-json\/wp\/v2\/product\/20774","targetHints":{"allow":["GET"]}}],"collection":[{"href":"https:\/\/stripclubbarcelona.com\/es\/wp-json\/wp\/v2\/product"}],"about":[{"href":"https:\/\/stripclubbarcelona.com\/es\/wp-json\/wp\/v2\/types\/product"}],"replies":[{"embeddable":true,"href":"https:\/\/stripclubbarcelona.com\/es\/wp-json\/wp\/v2\/comments?post=20774"}],"wp:featuredmedia":[{"embeddable":true,"href":"https:\/\/stripclubbarcelona.com\/es\/wp-json\/wp\/v2\/media\/10419"}],"wp:attachment":[{"href":"https:\/\/stripclubbarcelona.com\/es\/wp-json\/wp\/v2\/media?parent=20774"}],"wp:term":[{"taxonomy":"product_brand","embeddable":true,"href":"https:\/\/stripclubbarcelona.com\/es\/wp-json\/wp\/v2\/product_brand?post=20774"},{"taxonomy":"product_cat","embeddable":true,"href":"https:\/\/stripclubbarcelona.com\/es\/wp-json\/wp\/v2\/product_cat?post=20774"},{"taxonomy":"product_tag","embeddable":true,"href":"https:\/\/stripclubbarcelona.com\/es\/wp-json\/wp\/v2\/product_tag?post=20774"}],"curies":[{"name":"wp","href":"https:\/\/api.w.org\/{rel}","templated":true}]}}