{"id":20776,"date":"2018-08-10T12:53:53","date_gmt":"2018-08-10T12:53:53","guid":{"rendered":"https:\/\/stripclubbarcelona.com\/product\/bagdad-club-basic\/"},"modified":"2026-02-21T20:08:15","modified_gmt":"2026-02-21T19:08:15","slug":"sala-bagdad-basico","status":"publish","type":"product","link":"https:\/\/stripclubbarcelona.com\/es\/product\/sala-bagdad-basico\/","title":{"rendered":"Sala Bagdad Basico"},"content":{"rendered":"<p><em>* Sala Bagdad tiene 3 shows en vivo todos los d\u00edas a las 23h &#8211; 01h &#8211; 03h.<\/em><\/p>\n<p><strong>A los servicios ya incluidos puedes agregar extras para tu grupo:<\/strong><\/p>\n<p>&#8211; Botella de licores.<br \/>\n&#8211; Servicio de limusina.<br \/>\n&#8211; Servicio de limusina con 1 stripper.<br \/>\n&#8211; Baile de mesa<br \/>\n&#8211; Baile striptease en tu mesa<br \/>\n&#8211; Show transexual<\/p>\n<h2 style=\"text-align: center;\">Paquete Basico Sala Bagdad<\/h2>\n<p>\u00a1No hay lugar m\u00e1s guay para pasar una noche salvaje que la <a href=\"http:\/\/scb.localhost\/es\/sala-bagdad-barcelona\/\">Sala Bagdad Barcelona<\/a>! Este lugar es incre\u00edble y como conocemos muy bien a los del club, podemos ofrecer este fant\u00e1stico paquete b\u00e1sico. Si tienes un presupuesto limitado, pero a\u00fan quieres salir de fiesta, nuestro Paquete Basico es para ti.<\/p>\n<p><b>\u00bfQue hay incluido en el paquete?<\/b><\/p>\n<p>A pesar de que este es nuestro Paquete B\u00e1sico para Bagdad, \u200b\u200ba\u00fan as\u00ed recibes un mont\u00f3n de cosas por tu dinero. Tu entrada al club est\u00e1 cubierto. Tendr\u00e1s una reserva de mesa VIP y cada miembro de tu grupo recibir\u00e1 una bebida de bienvenida incluida. \u00a1Lo mejor de todo es que puedes ver uno de los shows en vivo en el escenario m\u00e1s famosos del Bagdad Club! Puedes tener todo esto por solo 90 euros por persona. Ten en cuenta que el show en vivo en el escenario ocurre tres veces al d\u00eda a las 23:00, 01:00 y 03:00. As\u00ed que aseg\u00farate de estar listo en tu asiento porque este es un espect\u00e1culo que no querr\u00e1s perderte.<\/p>\n<p><b>\u00bfQu\u00e9 extras se pueden agregar al paquete b\u00e1sico?<\/b><\/p>\n<p>Si bien el paquete b\u00e1sico es fant\u00e1stico por su propio m\u00e9rito, tenemos algunos extras divertidos que puedes agregar si quieres mejorar las cosas.<\/p>\n<p><b>Bebidas:<\/b> Por el precio tan razonable de tan solo 300 euros, nos aseguraremos de que tus bebidas est\u00e9n cubiertas por la noche. P\u00f3nte en contacto con nosotros para m\u00e1s detalles sobre esto!<\/p>\n<p><b>Servicio de limusinas:<\/b> si quieres llegar al club con estilo, podemos conseguirte una limusina por solo 150 euros.<\/p>\n<p><b>Limusina con stripper: <\/b>\u00bfQuieres saber qu\u00e9 es m\u00e1s guay que una limusina? Bueno, es una limusina que tiene una stripper guapa y sexy que montar\u00e1 un show para vosotros, muchachos! Puedes tener esto por 300 euros y es una excelente manera de ponerte de buen humor antes de llegar al club.<\/p>\n<p><b>Baile de mesa:<\/b> si alguno de vosotros quiere tener una experiencia cercana con un stripper, puede reservar un lap dance por solo 150 euros.<\/p>\n<p><b>Show especial de striptease:<\/b> Tambi\u00e9n ofrecemos un espect\u00e1culo de striptease extra por solo 150 euros. Esta es otra gran manera de poner la cosa m\u00e1s caliente.<\/p>\n<p><b>Show transexual:<\/b> Oye, lo que pasa en Barcelona se queda en Barcelona y si quieres experimentar algo un poco diferente. Podemos organizar un espect\u00e1culo transexual caliente para vosotros.<\/p>\n<p>Como puedes ver, nuestro Sala Bagdad Paquete B\u00e1sico te asegurar\u00e1 de que tengas una noche incre\u00edble, divertida y memorable.<\/p>\n<p>Para mas paquetes sigue el enlace: <a href=\"http:\/\/scb.localhost\/es\/paquetes\/\">paquetes fiesta Barcelona<\/a>.<\/p>\n","protected":false},"excerpt":{"rendered":"<p><em>* 90 \u20ac \/ persona<\/em><br \/>\n<em>* Sala Bagdad tiene 3 shows en vivo todos los d\u00edas a las 23h &#8211; 01h &#8211; 03h.<\/em><\/p>\n<p><strong>Servicios incluidos:<\/strong><\/p>\n<p>Show en el escenario<br \/>\nReserva de mesa VIP<br \/>\n1 Bebida de bienvenida \/ persona<br \/>\n1 Entrada<\/p>\n<p><strong>Agrega extras para tu grupo:<\/strong><\/p>\n","protected":false},"featured_media":10358,"comment_status":"open","ping_status":"closed","template":"","meta":[],"product_brand":[],"product_cat":[218],"product_tag":[],"class_list":{"0":"post-20776","1":"product","2":"type-product","3":"status-publish","4":"has-post-thumbnail","6":"product_cat-paquetes","8":"first","9":"instock","10":"sale","11":"downloadable","12":"shipping-taxable","13":"purchasable","14":"product-type-simple"},"aioseo_notices":[],"_links":{"self":[{"href":"https:\/\/stripclubbarcelona.com\/es\/wp-json\/wp\/v2\/product\/20776","targetHints":{"allow":["GET"]}}],"collection":[{"href":"https:\/\/stripclubbarcelona.com\/es\/wp-json\/wp\/v2\/product"}],"about":[{"href":"https:\/\/stripclubbarcelona.com\/es\/wp-json\/wp\/v2\/types\/product"}],"replies":[{"embeddable":true,"href":"https:\/\/stripclubbarcelona.com\/es\/wp-json\/wp\/v2\/comments?post=20776"}],"wp:featuredmedia":[{"embeddable":true,"href":"https:\/\/stripclubbarcelona.com\/es\/wp-json\/wp\/v2\/media\/10358"}],"wp:attachment":[{"href":"https:\/\/stripclubbarcelona.com\/es\/wp-json\/wp\/v2\/media?parent=20776"}],"wp:term":[{"taxonomy":"product_brand","embeddable":true,"href":"https:\/\/stripclubbarcelona.com\/es\/wp-json\/wp\/v2\/product_brand?post=20776"},{"taxonomy":"product_cat","embeddable":true,"href":"https:\/\/stripclubbarcelona.com\/es\/wp-json\/wp\/v2\/product_cat?post=20776"},{"taxonomy":"product_tag","embeddable":true,"href":"https:\/\/stripclubbarcelona.com\/es\/wp-json\/wp\/v2\/product_tag?post=20776"}],"curies":[{"name":"wp","href":"https:\/\/api.w.org\/{rel}","templated":true}]}}