{"id":20777,"date":"2018-08-10T14:44:30","date_gmt":"2018-08-10T14:44:30","guid":{"rendered":"https:\/\/stripclubbarcelona.com\/product\/marta-sanchez\/"},"modified":"2026-02-21T19:51:02","modified_gmt":"2026-02-21T18:51:02","slug":"marta-sanchez","status":"publish","type":"product","link":"https:\/\/stripclubbarcelona.com\/es\/product\/marta-sanchez\/","title":{"rendered":"Marta S\u00e1nchez"},"content":{"rendered":"<p><em>* Tienes que pagar en l\u00ednea 99 \u20ac para reservar la stripper.<\/em><br \/>\n<em>* Se puede pagar solo la reserva y el resto antes del espectaculo.<\/em><br \/>\n<em>&#8211; o &#8211;<\/em><br \/>\n<em>* Agrega el tipo de baile \/ espect\u00e1culo y paga todo en l\u00ednea.<\/em><br \/>\n<em>* Si el stripper tiene que salir de Barcelona, pedir\u00e1 un cargo extra por el transporte.<\/em><\/p>\n<h2 style=\"text-align: center;\">Marta Sanchez &#8211; Chica Stripper<\/h2>\n<p>\u00a1Como Strip est\u00e1 a nuestro nombre, tienes que saber cuando se trata de las mejores <a href=\"http:\/\/scb.localhost\/es\/mujeres-strippers-barcelona\/\">chicas strippers Barcelona<\/a>, las conocemos a todas! Nosotros conocemos a las mejores chicas que saben c\u00f3mo presentar el espect\u00e1culo m\u00e1s incre\u00edble para vosotros. No importa lo que est\u00e9s celebrando o si solo quieres pasar una noche loca y salvaje, puedes reservar a la hermosa Marta S\u00e1nchez con su cuerpo s\u00faper en forma y una sonrisa sexy para que eso suceda.<\/p>\n<p><b>\u00bfQu\u00e9 hay incluido en la reserva?<\/b><\/p>\n<p>El coste de reservar a Marta S\u00e1nchez stripper en Barcelona es de 100 euros. Ahora, esto es solo para la reserva real, no para el espect\u00e1culo, debes agregar eso despu\u00e9s. Estos 99 euros tambi\u00e9n cubren su transporte a tu ubicaci\u00f3n donde se celebra la fiesta. Somos los mejores para contratar strippers en Barcelona y es por eso que te dejamos elegir qu\u00e9 tipo de espect\u00e1culo quieres que la bella chica ponga para ti.<\/p>\n<p><b>\u00bfQu\u00e9 tipo de espect\u00e1culo puedo reservar?<\/b><\/p>\n<p>Una vez que hayas reservado a la sexy Marta S\u00e1nchez, puedes decidir qu\u00e9 tipo de espect\u00e1culo quieres que ella haga. Una de las mejores cosas de reservar strippers para una fiesta privada es que tienes mucho control sobre qu\u00e9 tipo de espect\u00e1culo puedes ver y eso es lo que ver\u00e1s aqu\u00ed. Estos son el tipo de strip shows que esta chica sexy y guapa puede hacer para vosotros, afortunados.<\/p>\n<p><b>Baile b\u00e1sico de striptease:<\/b> si quieres reservar a esta chica sexy para que haga un baile b\u00e1sico de striptease para vosotros, el coste de esto es de 129 euros.<\/p>\n<p><b>Strip show con nata: <\/b>\u00a0\u00bfQu\u00e9 es un striptease show con nata? Bueno, si vais a permitir que la chica os muestre qu\u00e9 tipo de trucos puede hacer con la nata, ser\u00e1 algo que nunca olvidareis, eso es seguro. Un espect\u00e1culo de strip con nata es tuyo por solo 149 euros.<\/p>\n<p><b>Dildo Show:<\/b> si realmente quieres ver a Marta Sanchez jugar con su amiguita el vibrador y volverse loca, entonces necesitas reservar su incre\u00edble show de consoladores. Este es un espect\u00e1culo tan er\u00f3tico y lleno de acci\u00f3n de que no podr\u00e1s olvidarlo. Puedes tener un show de consoladores por solo 179 euros.<\/p>\n<p><b>Show l\u00e9sbico:<\/b> Si bien la sexy Marta Sanchez es incre\u00edble por s\u00ed misma si realmente quieres mejorar las cosas, \u00a1puedes disfrutar de un strip show l\u00e9sbico en vivo! Ahora, esta es una excelente manera de dejar que un novio en su despedida de soltero termine una de sus \u00faltimas noches de libertad con estilo. Por solo 299 euros puedes tener un show l\u00e9sbico.<\/p>\n<p><b>Cosas que debes saber sobre la reserva<\/b><\/p>\n<p><b>Pago:<\/b> Puedes pagar por el servicio completo por adelantado o simplemente puedes pagar la reserva por adelantado y luego por el tipo de espect\u00e1culo que deseas una vez que llega la chica stripper a tu ubicaci\u00f3n.<\/p>\n<p><b>Transporte:<\/b> Si bien el transporte est\u00e1 cubierto con la reserva si tu hotel o ubicaci\u00f3n se encuentra fuera de Barcelona, \u200b\u200bse puede aplicar una tarifa adicional.<\/p>\n<p>Estamos muy contentos de poder ofrecerte las mejores chicas strippers Barcelona y la hermosa Marta S\u00e1nchez es sin duda una de las mejores.<\/p>\n","protected":false},"excerpt":{"rendered":"<p><em>* 99 \u20ac reserva<\/em><br \/>\n<em>* Puedes pagar en l\u00ednea la reserva y el resto antes del espect\u00e1culo.<\/em><br \/>\n<em>&#8211; o &#8211;<\/em><br \/>\n<em>* Elige y a\u00f1adade el tipo de baile \/ espect\u00e1culo.<\/em><br \/>\n<em>* Si el stripper debe salir de Barcelona puede solicitar un cargo extra por el transporte.<\/em><\/p>\n<p><strong>Servicios incluidos:<\/strong><\/p>\n<p>&#8211; Reserva de stripper.<br \/>\n&#8211; Transporte para stripper.<\/p>\n<p><strong>A\u00f1adir baile \/ tipo de espect\u00e1culo:<\/strong><\/p>\n","protected":false},"featured_media":10413,"comment_status":"open","ping_status":"closed","template":"","meta":[],"product_brand":[],"product_cat":[213],"product_tag":[],"class_list":{"0":"post-20777","1":"product","2":"type-product","3":"status-publish","4":"has-post-thumbnail","6":"product_cat-mujeres-stripper","8":"first","9":"instock","10":"downloadable","11":"shipping-taxable","12":"purchasable","13":"product-type-simple"},"aioseo_notices":[],"_links":{"self":[{"href":"https:\/\/stripclubbarcelona.com\/es\/wp-json\/wp\/v2\/product\/20777","targetHints":{"allow":["GET"]}}],"collection":[{"href":"https:\/\/stripclubbarcelona.com\/es\/wp-json\/wp\/v2\/product"}],"about":[{"href":"https:\/\/stripclubbarcelona.com\/es\/wp-json\/wp\/v2\/types\/product"}],"replies":[{"embeddable":true,"href":"https:\/\/stripclubbarcelona.com\/es\/wp-json\/wp\/v2\/comments?post=20777"}],"wp:featuredmedia":[{"embeddable":true,"href":"https:\/\/stripclubbarcelona.com\/es\/wp-json\/wp\/v2\/media\/10413"}],"wp:attachment":[{"href":"https:\/\/stripclubbarcelona.com\/es\/wp-json\/wp\/v2\/media?parent=20777"}],"wp:term":[{"taxonomy":"product_brand","embeddable":true,"href":"https:\/\/stripclubbarcelona.com\/es\/wp-json\/wp\/v2\/product_brand?post=20777"},{"taxonomy":"product_cat","embeddable":true,"href":"https:\/\/stripclubbarcelona.com\/es\/wp-json\/wp\/v2\/product_cat?post=20777"},{"taxonomy":"product_tag","embeddable":true,"href":"https:\/\/stripclubbarcelona.com\/es\/wp-json\/wp\/v2\/product_tag?post=20777"}],"curies":[{"name":"wp","href":"https:\/\/api.w.org\/{rel}","templated":true}]}}