{"id":20778,"date":"2018-08-15T09:24:55","date_gmt":"2018-08-15T09:24:55","guid":{"rendered":"https:\/\/stripclubbarcelona.com\/product\/sheyla\/"},"modified":"2026-02-21T19:58:40","modified_gmt":"2026-02-21T18:58:40","slug":"sheyla","status":"publish","type":"product","link":"https:\/\/stripclubbarcelona.com\/es\/product\/sheyla\/","title":{"rendered":"Sheyla"},"content":{"rendered":"<p><em>* Tienes que pagar en l\u00ednea 99 \u20ac para reservar la stripper.<\/em><br \/>\n<em>* Se puede pagar solo la reserva y el resto antes del espect\u00e1culo.<\/em><br \/>\n<em>&#8211; o &#8211;<\/em><br \/>\n<em>* Agrega el tipo de baile \/ espect\u00e1culo y paga todo en l\u00ednea.<\/em><br \/>\n<em>* Si el stripper tiene que salir de Barcelona, pedir\u00e1 un cargo extra por el transporte.<\/em><\/p>\n<h2 style=\"text-align: center;\">Sheyla &#8211; Chica Stripper<\/h2>\n<p>Sabemos que una de las <a href=\"http:\/\/scb.localhost\/es\/mujeres-strippers-barcelona\/\">mujeres strippers Barcelona<\/a> que tenemos para ofrecer a un grupo de hombres y una de las m\u00e1s sexy es la hermosa Sheyla. A ella le encantar\u00eda presentar uno de sus incre\u00edbles espect\u00e1culos para vosotros chicos. Con sus grandes pechos, su sonrisa bonita y sus formas sexy, Sheyla realmente se asegurar\u00e1 de que vosotros chicos os volveis locos. Si quieres contratar a la mejor stripper en Barcelona para tu fiesta, \u200b\u200btendr\u00e1s dificultades para encontrar una mejor que esta chica.<\/p>\n<p><b>\u00bfQu\u00e9 hay incluido en la reserva?<\/b><\/p>\n<p>S\u00f3lo te cuesta 99 euros reservar la encantadora Sheyla. Esto te asegurar\u00e1 una fecha y tambi\u00e9n su transporte a tu hotel o ubicaci\u00f3n. Somos especialistas en contrataci\u00f3n de strippers para fiestas privadas y no tenemos ninguna duda de que te encantar\u00e1 esta chica. La tarifa de reserva en realidad no incluye el show, debes agregarlo por separado. A la tarifa de reservar a Sheyla stripper en Barcelona puedes a\u00f1adir el tipo de espect\u00e1culo que m\u00e1s te guste o lo puedes pagar antes del espect\u00e1culo.<\/p>\n<p><b>\u00bfQu\u00e9 tipo de espect\u00e1culo puedo reservar?<\/b><\/p>\n<p>Aqu\u00ed puedes ver todos los incre\u00edbles espect\u00e1culos que la sexy y juguetona chica est\u00e1 dispuesta a ofrecerte. Cada show es un poco diferente y nos aseguramos de que tengamos striptease shows atractivos para todos los presupuestos. Echa un vistazo y elige qu\u00e9 tipo de espect\u00e1culo te gustar\u00eda que haga ella y luego a\u00f1adirlo a tu reserva.<\/p>\n<p><b>Baile B\u00e1sico De Striptease<\/b>: Sheyla realmente sabe c\u00f3mo moverse y si quieres verla quitarse la ropa y mostrarte su voluptuoso cuerpo, entonces el baile b\u00e1sico de striptease es lo que necesitas. \u00a1Esto es solo 129 euros que cuando veas a esta stripper que talentosa es en realidad parecer\u00e1 una ganga!<\/p>\n<p><b>Strip Show Con Nata:<\/b> \u00a1Ahora nos estamos volviendo un poco m\u00e1s traviesos con un show de nata! \u00a1Si pensabas que esta chica se ve\u00eda bien desnuda solo y espera a ver qu\u00e9 puede hacer con un poco de nata! Puedes reservar a esta chica para un show de nata por solo 149 euros.<\/p>\n<p><b>Dildo Show:<\/b> \u00a1Ahora estamos hablando de un strip show con vibradores! Si quieres ver a Sheyla realmente sexy, entonces necesitas reservar su strip show de consoladores. D\u00e9janos decirte que cuando ella se ponga el consolador, las cosas en la habitaci\u00f3n se van a poner muy calientes y excitantes, eso es seguro. \u00a1179 euros es el coste del show de consoladores y es dinero bien gastado!<\/p>\n<p><b>Show l\u00e9sbico:<\/b> Mientras Sheyla est\u00e1 perfecta sola. Si vosotros est\u00e1is celebrando algo especial como el cumplea\u00f1os de un amigo o tal vez una noche de despedida de soltero, podeis hacerlo que las cosas se calienten y sean m\u00e1s especiales todav\u00eda con un show l\u00e9sbico. Puedes ver a ella y otra sexy dama en un espect\u00e1culo salvaje y er\u00f3tico para ti. \u00a1Esto cuesta solo 299 euros y lo recordar\u00e1s para siempre!<\/p>\n<p><b>Cosas que debes saber sobre la reserva<\/b><\/p>\n<p><b>Pago:<\/b> Sobre el pago de la reserva. Puede pagar la reserva y el tipo de show que deseas al mismo tiempo. O puedes pagar para reservar a Sheyla y luego pagar por el tipo de espect\u00e1culo que deseas una vez que llega a tu ubicaci\u00f3n.<\/p>\n<p><b>Transporte:<\/b> el transporte de la stripper est\u00e1 incluido en la tarifa de reserva, pero s\u00ed tu ubicaci\u00f3n est\u00e1 fuera de Barcelona, \u200b\u200bpuede haber una tarifa adicional.<\/p>\n<p>No te decepcionaras cuando esta chica aparezca para hacer uno de sus incre\u00edbles espect\u00e1culos. Ella es realmente una de las mejores chicas strippers Barcelona que tenemos para ofrecer y te prometemos que te encantar\u00e1.<\/p>\n","protected":false},"excerpt":{"rendered":"<p><em>* 99 \u20ac reserva<\/em><br \/>\n<em>* Puedes pagar en l\u00ednea la reserva y el resto antes del espect\u00e1culo.<\/em><br \/>\n<em>&#8211; o &#8211;<\/em><br \/>\n<em>* Elige y a\u00f1adade el tipo de baile \/ espect\u00e1culo.<\/em><br \/>\n<em>* Si el stripper debe salir de Barcelona puede solicitar un cargo extra por el transporte.<\/em><\/p>\n<p><strong>Servicios incluidos:<\/strong><\/p>\n<p>&#8211; Reserva de stripper.<br \/>\n&#8211; Transporte para stripper.<\/p>\n<p><strong>A\u00f1adir baile \/ tipo de espect\u00e1culo:<\/strong><\/p>\n","protected":false},"featured_media":10410,"comment_status":"open","ping_status":"closed","template":"","meta":[],"product_brand":[],"product_cat":[213],"product_tag":[],"class_list":{"0":"post-20778","1":"product","2":"type-product","3":"status-publish","4":"has-post-thumbnail","6":"product_cat-mujeres-stripper","8":"first","9":"instock","10":"downloadable","11":"shipping-taxable","12":"purchasable","13":"product-type-simple"},"aioseo_notices":[],"_links":{"self":[{"href":"https:\/\/stripclubbarcelona.com\/es\/wp-json\/wp\/v2\/product\/20778","targetHints":{"allow":["GET"]}}],"collection":[{"href":"https:\/\/stripclubbarcelona.com\/es\/wp-json\/wp\/v2\/product"}],"about":[{"href":"https:\/\/stripclubbarcelona.com\/es\/wp-json\/wp\/v2\/types\/product"}],"replies":[{"embeddable":true,"href":"https:\/\/stripclubbarcelona.com\/es\/wp-json\/wp\/v2\/comments?post=20778"}],"wp:featuredmedia":[{"embeddable":true,"href":"https:\/\/stripclubbarcelona.com\/es\/wp-json\/wp\/v2\/media\/10410"}],"wp:attachment":[{"href":"https:\/\/stripclubbarcelona.com\/es\/wp-json\/wp\/v2\/media?parent=20778"}],"wp:term":[{"taxonomy":"product_brand","embeddable":true,"href":"https:\/\/stripclubbarcelona.com\/es\/wp-json\/wp\/v2\/product_brand?post=20778"},{"taxonomy":"product_cat","embeddable":true,"href":"https:\/\/stripclubbarcelona.com\/es\/wp-json\/wp\/v2\/product_cat?post=20778"},{"taxonomy":"product_tag","embeddable":true,"href":"https:\/\/stripclubbarcelona.com\/es\/wp-json\/wp\/v2\/product_tag?post=20778"}],"curies":[{"name":"wp","href":"https:\/\/api.w.org\/{rel}","templated":true}]}}