{"id":20779,"date":"2018-08-15T09:27:33","date_gmt":"2018-08-15T09:27:33","guid":{"rendered":"https:\/\/stripclubbarcelona.com\/product\/kesha\/"},"modified":"2026-02-21T19:43:40","modified_gmt":"2026-02-21T18:43:40","slug":"kesha","status":"publish","type":"product","link":"https:\/\/stripclubbarcelona.com\/es\/product\/kesha\/","title":{"rendered":"Kesha"},"content":{"rendered":"<p><em>* Tienes que pagar en l\u00ednea 99 \u20ac para reservar la stripper.<\/em><br \/>\n<em>* Se puede pagar solo la reserva y el resto antes del espect\u00e1culo.<\/em><br \/>\n<em>&#8211; o &#8211;<\/em><br \/>\n<em>* Agrega el tipo de baile \/ espect\u00e1culo y paga todo en l\u00ednea.<\/em><br \/>\n<em>* Si el stripper tiene que salir de Barcelona, pedir\u00e1 un cargo extra por el transporte.<\/em><!--more--><\/p>\n<h2 style=\"text-align: center;\">Kesha &#8211; Chica Stripper<\/h2>\n<p>Tenemos a las mejores <a href=\"http:\/\/scb.localhost\/es\/mujeres-strippers-barcelona\/\">chicas strippers Barcelona<\/a> para ofrecer a grupos de hombres y fiestas privadas. Una de las mejores es Kesha, ella es una de las chicas m\u00e1s ex\u00f3ticas y atractivas que jam\u00e1s ver\u00e1s. Ella est\u00e1 en una forma incre\u00edble y va a ir m\u00e1s all\u00e1 para asegurarse de que pod\u00e1is verla en toda su gloria cuando llega a vuestra fiesta.<\/p>\n<p><b>\u00bfQu\u00e9 hay incluido en la reserva?<\/b><\/p>\n<p>Podr\u00edas pensar que es caro contratar a una chica stripper en Barcelona, \u200b\u200bpero cuando tratas con nosotros no es as\u00ed. La stripper Kesha es realmente una de las mejores y puedes hacer una reserva por solo 99 euros. Esto asegurar\u00e1 que obtengas la sexy y calentorra chica para la fecha que quieras. Su cuota de reserva tambi\u00e9n incluye el transporte a tu hotel o lugar. Su reserva no incluye el tipo de espect\u00e1culo que har\u00e1, eso debes reservarlo por separado.<\/p>\n<p><b>\u00bfQu\u00e9 tipo de espect\u00e1culo puedo reservar?<\/b><\/p>\n<p>Con solo mirarla, puedes ver que Kesha es la mejor stripper para una fiesta privada. \u00a1Ella realmente te mostrar\u00e1 esas curvas y senos grandes de cerca y en persona! Puedes reservar la chica para todo tipo de espect\u00e1culos diferentes, as\u00ed que echa un vistazo y elige qu\u00e9 te gustar\u00eda que hiciera la encantadora chica.<\/p>\n<p><b>Baile b\u00e1sico de striptease:<\/b> a ella le encanta moverse y cuando reservas el baile b\u00e1sico de striptease es exactamente lo que va a hacer. Con el baile b\u00e1sico, se quitar\u00e1 la ropa de una manera muy seductora y sexy. El strip dance b\u00e1sico solo cuesta 129 euros.<\/p>\n<p><b>Strip show con nata:<\/b> Oh si !!! Cuando contratas a Kesha para un striptease show con nata, \u00a0para verla vais a tener un verdadero placer chicos. El show de nata es algo que realmente te va a sorprender. ella por s\u00ed sola se ve incre\u00edble desnuda, pero espera a ver qu\u00e9 puede hacer con la nata. Cuesta s\u00f3lo 149 euros por un strip show con nata.<\/p>\n<p><b>Dildo Show:<\/b> \u00a1Si quieres ver a esta maravilla de chica en toda su gloria, necesitas ver qu\u00e9 puede hacer con un consolador! El dildo show es una de sus especialidades y puedes verlo por solo 179 euros que es capaz de hacer con un vibrador. Este es el tipo de espect\u00e1culo que recordareis por el resto de vuestras vidas.<\/p>\n<p><b>Show l\u00e9sbico:<\/b> El show de lesbianas de la que Kesha formar\u00e1 parte es una leyenda. Por solo 299 euros, no s\u00f3lo puedes reservar la hermosa chica, sino tambi\u00e9n otra sexy stripper de Barcelona. Estas dos mujeres calientes, sexys y \u00e1giles te montaran el show l\u00e9sbico m\u00e1s incre\u00edble para ti.<\/p>\n<p><b>Cosas que debes saber sobre la reserva<\/b><\/p>\n<p><b>Pago:<\/b> Puedes pagar la cuota de reserva de la chica por adelantado para asegurar la fecha y luego pagar el resto una vez que ella llega y decides qu\u00e9 espect\u00e1culo deseas.<\/p>\n<p><b>Transporte:<\/b> Mientras que la cuota de reserva incluye el transporte de Kesha. Si tu lugar est\u00e1 fuera de Barcelona, \u200b\u200bse puede aplicar una tarifa adicional.<\/p>\n<p>Como pod\u00e9is ver, Kesha es una de las mujeres strippers Barcelona m\u00e1s bellas que ofrecemos. Ella va a presentar un espect\u00e1culo que os har\u00e1 muy felices y estamos aqu\u00ed para ayudaros con cualquier pregunta que teng\u00e1is sobre su reserva.<\/p>\n","protected":false},"excerpt":{"rendered":"<p><em>* 99 \u20ac reserva<\/em><br \/>\n<em>* Puedes pagar en l\u00ednea la reserva y el resto antes del espect\u00e1culo.<\/em><br \/>\n<em>&#8211; o &#8211;<\/em><br \/>\n<em>* Elige y a\u00f1adade el tipo de baile \/ espect\u00e1culo.<\/em><br \/>\n<em>* Si el stripper debe salir de Barcelona puede solicitar un cargo extra por el transporte.<\/em><\/p>\n<p><strong>Servicios incluidos:<\/strong><\/p>\n<p>&#8211; Reserva de stripper.<br \/>\n&#8211; Transporte para stripper.<\/p>\n<p><strong>A\u00f1adir baile \/ tipo de espect\u00e1culo:<\/strong><\/p>\n","protected":false},"featured_media":10407,"comment_status":"open","ping_status":"closed","template":"","meta":[],"product_brand":[],"product_cat":[213],"product_tag":[],"class_list":{"0":"post-20779","1":"product","2":"type-product","3":"status-publish","4":"has-post-thumbnail","6":"product_cat-mujeres-stripper","8":"first","9":"instock","10":"downloadable","11":"shipping-taxable","12":"purchasable","13":"product-type-simple"},"aioseo_notices":[],"_links":{"self":[{"href":"https:\/\/stripclubbarcelona.com\/es\/wp-json\/wp\/v2\/product\/20779","targetHints":{"allow":["GET"]}}],"collection":[{"href":"https:\/\/stripclubbarcelona.com\/es\/wp-json\/wp\/v2\/product"}],"about":[{"href":"https:\/\/stripclubbarcelona.com\/es\/wp-json\/wp\/v2\/types\/product"}],"replies":[{"embeddable":true,"href":"https:\/\/stripclubbarcelona.com\/es\/wp-json\/wp\/v2\/comments?post=20779"}],"wp:featuredmedia":[{"embeddable":true,"href":"https:\/\/stripclubbarcelona.com\/es\/wp-json\/wp\/v2\/media\/10407"}],"wp:attachment":[{"href":"https:\/\/stripclubbarcelona.com\/es\/wp-json\/wp\/v2\/media?parent=20779"}],"wp:term":[{"taxonomy":"product_brand","embeddable":true,"href":"https:\/\/stripclubbarcelona.com\/es\/wp-json\/wp\/v2\/product_brand?post=20779"},{"taxonomy":"product_cat","embeddable":true,"href":"https:\/\/stripclubbarcelona.com\/es\/wp-json\/wp\/v2\/product_cat?post=20779"},{"taxonomy":"product_tag","embeddable":true,"href":"https:\/\/stripclubbarcelona.com\/es\/wp-json\/wp\/v2\/product_tag?post=20779"}],"curies":[{"name":"wp","href":"https:\/\/api.w.org\/{rel}","templated":true}]}}