{"id":20780,"date":"2018-08-15T09:29:46","date_gmt":"2018-08-15T07:29:46","guid":{"rendered":"https:\/\/stripclubbarcelona.com\/product\/blondie-fresser\/"},"modified":"2026-02-21T19:31:24","modified_gmt":"2026-02-21T18:31:24","slug":"blondie-fresser","status":"publish","type":"product","link":"https:\/\/stripclubbarcelona.com\/es\/product\/blondie-fresser\/","title":{"rendered":"Blondie Fresser"},"content":{"rendered":"<p><em>* Tienes que pagar en l\u00ednea 99 \u20ac para reservar la stripper.<\/em><br \/>\n<em>* Se puede pagar solo la reserva y el resto antes del espect\u00e1culo.<\/em><br \/>\n<em>&#8211; o &#8211;<\/em><br \/>\n<em>* Agrega el tipo de baile \/ espect\u00e1culo y paga todo en l\u00ednea.<\/em><br \/>\n<em>* Si el stripper tiene que salir de Barcelona, pedir\u00e1 un cargo extra por el transporte.<\/em><\/p>\n<h2 style=\"text-align: center;\">Blondie Fresser &#8211; Chica Stripper<\/h2>\n<p>Cuando se trata de las mejores <a href=\"http:\/\/scb.localhost\/es\/mujeres-strippers-barcelona\/\">chicas strippers Barcelona<\/a>, te ser\u00e1 dif\u00edcil encontrar una mujer m\u00e1s sexy que Blondie Fresser. \u00bfQu\u00e9 podr\u00eda ella tener que no te guste? \u00a1Tiene un cuerpo incre\u00edble, cabello rubio, pechos grandes y una sonrisa que puede derretir el hielo! Ella est\u00e1 perfecta y, como tenemos las mejores strippers baratas de Barcelona, \u200b\u200bpuedes reservar a esta chica para que haga un show para ti.<\/p>\n<p><b>\u00bfQu\u00e9 hay incluido en la reserva?<\/b><\/p>\n<p>Puedes reservar a Blondie Fresser con anticipaci\u00f3n para asegurarte de que la tendr\u00e1s para la noche que deseas. Ella realmente es una de las mejores strippers para tu fiesta privada y te har\u00e1 pasar una noche que recordar\u00e1s para siempre. La reserva cuesta 99 euros y esto te permite reservar su tiempo y tambi\u00e9n su transporte a tu ubicaci\u00f3n. Ten en cuenta que el tipo de espect\u00e1culo que deseas debes agregarlo a parte a tu reserva.<\/p>\n<p><b>\u00bfQu\u00e9 tipo de espect\u00e1culo puedo reservar?<\/b><\/p>\n<p>Si puedes lograr quitarte los ojos de esa sonrisa asesina y los enormes pechos que tiene la stripper Blondie Fresser en Barcelona, puedes mirar aqu\u00ed y ver los diferentes tipos de espect\u00e1culos que ella puede ofrecer para ti. No importa qu\u00e9 tipo de actuaci\u00f3n elegir\u00e1s, podemos prometerle que ella va a hacer volar tu mente y pondr\u00e1 una gran sonrisa en tu cara.<\/p>\n<p><b>Baile b\u00e1sico de striptease:<\/b> por solo 129 euros, puedes reservar a la chica stripper para que venga y se quite toda la ropa para ti. Nunca has visto un cuerpo como el de ella y la forma en que se mueve es simplemente incre\u00edble. Si lo que buscas es un baile b\u00e1sico de striptease, entonces es lo que debes reservar.<\/p>\n<p><b>Strip show con nata:<\/b> puedes ver claramente lo asombrosos que son esos pechos de Blondie Fresser. \u00a1Ahora imag\u00ednate entonces cuando ella est\u00e1 haciendo un strip show con nata! Este es el tipo de actuaci\u00f3n del que hablar\u00e1n en el futuro. El show de nata se puede agregar por solo 149 euros y vale la pena el dinero!<\/p>\n<p><b>Dildo Show:<\/b> ahora tenemos el mejor show travieso para vosotros y ese es el show de consolador. Solo espera hasta que veas lo que ella puede hacer en un show con su amiguito el vibrador. Esto se puede a\u00f1adir por solo 179 euros. Este es el espect\u00e1culo perfecto si tienes una despedida de soltero y quieres asegurarte de que el novio lo recuerde para siempre.<\/p>\n<p><b>Cosas que debes saber sobre la reserva<\/b><\/p>\n<p><b>Pago:<\/b> En cuanto sobre el pago. Puedes pagar la tarifa de reserva para asegurar la fecha en que deseas que Blondie Fresser haga su show. Sin embargo, no tienes que pagar por el espect\u00e1culo que deseas hasta que ella llegue, o bien puedes pagar todo a la vez con antelaci\u00f3n.<\/p>\n<p><b>Transporte:<\/b> La cuota de reserva cubre el transporte de ella. Si tu fiesta se lleva a cabo fuera de Barcelona, \u200b\u200bpuede haber una tarifa adicional por el viaje adicional que ella tiene que hacer.<\/p>\n<p>Es muy f\u00e1cil ver por qu\u00e9 Blondie Fresser es una de las chicas strippers Barcelona m\u00e1s populares en la ciudad. Ella realmente es incre\u00edble y no importa que show elegir\u00e1s, te enamorar\u00e1s de ella.<\/p>\n","protected":false},"excerpt":{"rendered":"<p><span style=\"color: #ff0000;\"><em>NO DISPONIBLE AHORA<\/em><\/span><br \/>\n<em>* 99 \u20ac reserva<\/em><br \/>\n<em>* Puedes pagar en l\u00ednea la reserva y el resto antes del espect\u00e1culo.<\/em><br \/>\n<em>&#8211; o &#8211;<\/em><br \/>\n<em>* Elige y a\u00f1adade el tipo de baile \/ espect\u00e1culo.<\/em><br \/>\n<em>* Si el stripper debe salir de Barcelona puede solicitar un cargo extra por el transporte.<\/em><\/p>\n<p><strong>Servicios incluidos:<\/strong><\/p>\n<p>&#8211; Reserva de stripper.<br \/>\n&#8211; Transporte para stripper.<\/p>\n<p><strong>A\u00f1adir baile \/ tipo de espect\u00e1culo:<\/strong><\/p>\n","protected":false},"featured_media":10404,"comment_status":"open","ping_status":"closed","template":"","meta":[],"product_brand":[],"product_cat":[213],"product_tag":[],"class_list":{"0":"post-20780","1":"product","2":"type-product","3":"status-publish","4":"has-post-thumbnail","6":"product_cat-mujeres-stripper","8":"first","9":"instock","10":"downloadable","11":"shipping-taxable","12":"purchasable","13":"product-type-simple"},"aioseo_notices":[],"_links":{"self":[{"href":"https:\/\/stripclubbarcelona.com\/es\/wp-json\/wp\/v2\/product\/20780","targetHints":{"allow":["GET"]}}],"collection":[{"href":"https:\/\/stripclubbarcelona.com\/es\/wp-json\/wp\/v2\/product"}],"about":[{"href":"https:\/\/stripclubbarcelona.com\/es\/wp-json\/wp\/v2\/types\/product"}],"replies":[{"embeddable":true,"href":"https:\/\/stripclubbarcelona.com\/es\/wp-json\/wp\/v2\/comments?post=20780"}],"wp:featuredmedia":[{"embeddable":true,"href":"https:\/\/stripclubbarcelona.com\/es\/wp-json\/wp\/v2\/media\/10404"}],"wp:attachment":[{"href":"https:\/\/stripclubbarcelona.com\/es\/wp-json\/wp\/v2\/media?parent=20780"}],"wp:term":[{"taxonomy":"product_brand","embeddable":true,"href":"https:\/\/stripclubbarcelona.com\/es\/wp-json\/wp\/v2\/product_brand?post=20780"},{"taxonomy":"product_cat","embeddable":true,"href":"https:\/\/stripclubbarcelona.com\/es\/wp-json\/wp\/v2\/product_cat?post=20780"},{"taxonomy":"product_tag","embeddable":true,"href":"https:\/\/stripclubbarcelona.com\/es\/wp-json\/wp\/v2\/product_tag?post=20780"}],"curies":[{"name":"wp","href":"https:\/\/api.w.org\/{rel}","templated":true}]}}