{"id":20781,"date":"2018-08-15T09:31:04","date_gmt":"2018-08-15T09:31:04","guid":{"rendered":"https:\/\/stripclubbarcelona.com\/product\/marta\/"},"modified":"2026-02-21T19:50:38","modified_gmt":"2026-02-21T18:50:38","slug":"marta","status":"publish","type":"product","link":"https:\/\/stripclubbarcelona.com\/es\/product\/marta\/","title":{"rendered":"Marta"},"content":{"rendered":"<p><em>* Tienes que pagar en l\u00ednea 99 \u20ac para reservar la stripper.<\/em><br \/>\n<em>* Se puede pagar solo la reserva y el resto antes del espect\u00e1culo.<\/em><br \/>\n<em>&#8211; o &#8211;<\/em><br \/>\n<em>* Agrega el tipo de baile \/ espect\u00e1culo y paga todo en l\u00ednea.<\/em><br \/>\n<em>* Si el stripper tiene que salir de Barcelona, pedir\u00e1 un cargo extra por el transporte.<\/em><\/p>\n<h2 style=\"text-align: center;\">Marta &#8211; Chica Stripper<\/h2>\n<p>Como puedes ver, la encantadora Marta es una de las mejores <a href=\"http:\/\/scb.localhost\/es\/mujeres-strippers-barcelona\/\">chicas strippers Barcelona<\/a> y m\u00e1s atractivas que ofrecemos. Ella tiene una mirada realmente traviesa en sus ojos y le encantar\u00eda mucho ofreceros una noche para recordar. Con su look ex\u00f3tico, sus tetas enormes y sus tatuajes sexy, Marta es una mujer como ninguna otra, y cuando ves a una chica stripper en Barcelona como ella, \u200b\u200b\u00a1nunca lo olvidar\u00e1s! Nosotros queremos que sea lo m\u00e1s f\u00e1cil posible para que vosotros pod\u00e9is reservar un espect\u00e1culo caliente y lleno de erotismo con esta chica.<\/p>\n<p><b>\u00bfQu\u00e9 hay incluido en la reserva?<\/b><\/p>\n<p>El coste de reservar para una fiesta privada a chicas stripers de Barcelona puede parecer alto, \u00a1pero no cuando tratas con nosotros! As\u00ed es, \u00a1puedes reservar la sexy Marta por solo 99 euros! Esto asegurar\u00e1 que la recibas en la fecha que desees. Ten en cuenta que la tarifa de reserva es solo para asegurar la fecha y no incluye el tipo de espect\u00e1culo \u00a0que deseas, debes comprar por separado. La cuota de reserva tambi\u00e9n incluye el transporte de la chica a tu lugar.<\/p>\n<p><b>\u00bfQu\u00e9 tipo de espect\u00e1culo puedo reservar?<\/b><\/p>\n<p>Lo mejor de reservar strippers para fiestas privadas es que puedes reservar todo tipo de espect\u00e1culos divertidos. Ella puede hacer espect\u00e1culos realmente fascinantes para vosotros, muchachos. \u00a1Hemos trabajado muy duro para ofrecerte estos diferentes espect\u00e1culos a un precio asequible! As\u00ed que echa un vistazo al tipo de espect\u00e1culo que la sexy Marta podr\u00eda estar haciendo para ti.<\/p>\n<p><b>Baile b\u00e1sico de striptease:<\/b> el baile b\u00e1sico de striptease solo cuesta 129 euros y esta es la manera perfecta de comenzar una noche loca y salvaje en Barcelona. Con este espect\u00e1culo, ella te mostrar\u00e1 lo incre\u00edble que es su cuerpo mientras se quita la ropa de manera seductora y te muestra c\u00f3mo de flexible es.<\/p>\n<p><b>Strip Show Con Nata:<\/b> \u00a1Si quieres ver a Marta ser un poco m\u00e1s juguetona y hacer algo realmente especial, puedes reservar para un maravilloso striptease show con nata! Cu\u00e1ndo reservas una fiesta privada en Barcelona, \u200b\u200bnos parece que es el tipo de show sexy y seductora que deber\u00edas experimentar. \u00a1Por solo 149 euros puedes ver a esta chica mostrarte lo traviesa que puede ser con un poco de nata!<\/p>\n<p><b>Dildo Show:<\/b> \u00bfQue puede ser m\u00e1s asombroso que un dildo show? Bueno, s\u00ed, s\u00ed ese es un strip show de consoladores de Marta! Si realmente quereis ver algo de acci\u00f3n caliente, entonces es un espect\u00e1culo de consolador que necesitas reservar. Puedes ver a esta chica ponerse muy sexy con su vibrador por s\u00f3lo 179 euros.<\/p>\n<p><b>Cosas que debes saber sobre la reserva<\/b><\/p>\n<p><b>Pago: <\/b>Puedes reservar con anticipaci\u00f3n, pero no tienes que pagar por el tipo de espect\u00e1culo que deseas hasta que ella llegue a tu lugar. O bien puedes pagar todo a la vez en nuestra web.<\/p>\n<p><b>Transporte:<\/b> Mientras que el transporte de la chica est\u00e1 incluido en su tarifa de reserva. Si tu lugar o hotel est\u00e1 fuera de Barcelona, \u200b\u200bpuede haber una tarifa adicional.<\/p>\n<p>Marta es una de las mejores mujeres strippers Barcelona que tenemos para ofrecerte y te aseguramos que, sin importar qu\u00e9 tipo de show eligiras, quedar\u00e1s impresionado con su espect\u00e1culo.<\/p>\n","protected":false},"excerpt":{"rendered":"<p><em>* 99 \u20ac reserva<\/em><br \/>\n<em>* Puedes pagar en l\u00ednea la reserva y el resto antes del espect\u00e1culo.<\/em><br \/>\n<em>&#8211; o &#8211;<\/em><br \/>\n<em>* Elige y a\u00f1adade el tipo de baile \/ espect\u00e1culo.<\/em><br \/>\n<em>* Si el stripper debe salir de Barcelona puede solicitar un cargo extra por el transporte.<\/em><\/p>\n<p><strong>Servicios incluidos:<\/strong><\/p>\n<p>&#8211; Reserva de stripper.<br \/>\n&#8211; Transporte para stripper.<\/p>\n<p><strong>A\u00f1adir baile \/ tipo de espect\u00e1culo:<\/strong><\/p>\n","protected":false},"featured_media":10401,"comment_status":"open","ping_status":"closed","template":"","meta":[],"product_brand":[],"product_cat":[213],"product_tag":[],"class_list":{"0":"post-20781","1":"product","2":"type-product","3":"status-publish","4":"has-post-thumbnail","6":"product_cat-mujeres-stripper","8":"first","9":"instock","10":"downloadable","11":"shipping-taxable","12":"purchasable","13":"product-type-simple"},"aioseo_notices":[],"_links":{"self":[{"href":"https:\/\/stripclubbarcelona.com\/es\/wp-json\/wp\/v2\/product\/20781","targetHints":{"allow":["GET"]}}],"collection":[{"href":"https:\/\/stripclubbarcelona.com\/es\/wp-json\/wp\/v2\/product"}],"about":[{"href":"https:\/\/stripclubbarcelona.com\/es\/wp-json\/wp\/v2\/types\/product"}],"replies":[{"embeddable":true,"href":"https:\/\/stripclubbarcelona.com\/es\/wp-json\/wp\/v2\/comments?post=20781"}],"wp:featuredmedia":[{"embeddable":true,"href":"https:\/\/stripclubbarcelona.com\/es\/wp-json\/wp\/v2\/media\/10401"}],"wp:attachment":[{"href":"https:\/\/stripclubbarcelona.com\/es\/wp-json\/wp\/v2\/media?parent=20781"}],"wp:term":[{"taxonomy":"product_brand","embeddable":true,"href":"https:\/\/stripclubbarcelona.com\/es\/wp-json\/wp\/v2\/product_brand?post=20781"},{"taxonomy":"product_cat","embeddable":true,"href":"https:\/\/stripclubbarcelona.com\/es\/wp-json\/wp\/v2\/product_cat?post=20781"},{"taxonomy":"product_tag","embeddable":true,"href":"https:\/\/stripclubbarcelona.com\/es\/wp-json\/wp\/v2\/product_tag?post=20781"}],"curies":[{"name":"wp","href":"https:\/\/api.w.org\/{rel}","templated":true}]}}