{"id":20783,"date":"2018-08-15T09:41:58","date_gmt":"2018-08-15T09:41:58","guid":{"rendered":"https:\/\/stripclubbarcelona.com\/product\/joel-acosta\/"},"modified":"2026-02-21T19:41:33","modified_gmt":"2026-02-21T18:41:33","slug":"joel-acosta","status":"publish","type":"product","link":"https:\/\/stripclubbarcelona.com\/es\/product\/joel-acosta\/","title":{"rendered":"Joel Acosta"},"content":{"rendered":"<p><em>* Tienes que pagar en l\u00ednea 99 \u20ac para reservar el stripper.<\/em><br \/>\n<em>* Se puede pagar solo la reserva y el resto antes del espect\u00e1culo.<\/em><br \/>\n<em>&#8211; o &#8211;<\/em><br \/>\n<em>* Agrega el tipo de baile \/ espect\u00e1culo y paga todo en l\u00ednea.<\/em><br \/>\n<em>* Si el stripper tiene que salir de Barcelona, pedir\u00e1 un cargo extra por el transporte.<\/em><\/p>\n<h2 style=\"text-align: center;\">Joel Acosta &#8211; Chico Stripper<\/h2>\n<p>Joel Acosta es uno de los mejores\u00a0<a href=\"http:\/\/scb.localhost\/es\/hombres-strippers-barcelona\/\">chicos strippers Barcelona<\/a> en nuestra lista. Si est\u00e1is buscando un stripper para despedidas de soltera en Barcelona, \u200b\u200bJoel sabe c\u00f3mo montar un espect\u00e1culo. Es un chico muy agradable, pero no nos malinterpretes, ciertamente tiene un lado p\u00edcaro y vosotras, damas, podr\u00e9is verlo de primera mano cuando lo contratais. Conocemos los mejores chicos strippers Barcelona y nos aseguramos de ofrecer los mejores precios. Es por eso que somos el n\u00famero uno cuando se trata de contrataci\u00f3n de strippers.<\/p>\n<p><b>\u00bfQu\u00e9 hay incluido en la reserva?<\/b><\/p>\n<p>No es tan caro contratar strippers chicos en Barcelona como podr\u00edais pensar, especialmente cuando se trata con nosotros aqu\u00ed. Muchas mujeres quieren contratar a Joel Acosta stripper en Barcelona ya que \u00e9l tiene una gran reputaci\u00f3n. Bien incluido con la tarifa de reserva de 99 Euros, se est\u00e1 asegurando los servicios de Joel para una cierta fecha. Lo mejor es hacer la reserva con anticipaci\u00f3n para que podais aseguraros sus servicios. Su transporte a vuestro hotel o lugar tambi\u00e9n est\u00e1 incluido en la tarifa de reserva. Ten en cuenta que la cuota de reserva no incluye el tipo de show, esto deb\u00e9is agregarlo por separado.<\/p>\n<p><b>\u00bfQu\u00e9 tipo de espect\u00e1culo puedo reservar?<\/b><\/p>\n<p>Una de las mejores cosas del s\u00faper gal\u00e1n Joel Acosta es que puede montar un par de shows diferentes para ti. \u00c9l no solo es muy lindo, sino que como puedes ver, tiene un gran cuerpo y podemos asegurarte que \u00e9l sabe c\u00f3mo moverse. El es uno de los mejores chicos stripers que tenemos y le encantar\u00eda nada m\u00e1s que montar un espect\u00e1culo fenomenal para vosotras, damas.<\/p>\n<p><b>Baile B\u00e1sico De Striptease<\/b>: \u00a1Aqu\u00ed es donde puedes ver a este chico sacudir sus cosas y mostrarte lo que tiene! El baile de striptease b\u00e1sico es un gran \u00e9xito entre las damas en una despedida de soltera al estilo Barcelon\u00e9s, cumplea\u00f1os o simplemente en busca de un fin de semana salvaje con las chicas. El strip dance b\u00e1sico cuesta 129 Euros y podemos decirte que cuando el termine de sacudir sus cosas, \u00a1te dar\u00e1s cuenta de que fue dinero bien gastado!<\/p>\n<p><b>Strip show de parejas: <\/b>por 279 Euros, puedes subir el list\u00f3n con un strip show de parejas realmente incre\u00edble. Joel es a\u00fan mejor cuando tiene una compa\u00f1era con quien trabajar y, como conocemos, todos los mejores strippers (tanto hombres como mujeres) podemos conseguirte la stripper m\u00e1s caliente para hacer un show en pareja con el. Si esto es algo que te interesa, h\u00e1ganoslo saber y nos aseguraremos de que obteng\u00e1is un segundo stripper que tambi\u00e9n sea excelente.<\/p>\n<p><b>Cosas que debes saber sobre la reserva<\/b><\/p>\n<p><b>Pago:<\/b> debes pagar la reserva con antelaci\u00f3n, pero no tienes que pagar por el espect\u00e1culo hasta el d\u00eda del evento si no quieres, o puedes pagar todo si as\u00ed lo deseas.<\/p>\n<p><b>Transporte:<\/b> la tarifa de reserva incluye el transporte del stripper, pero si tu hotel o ubicaci\u00f3n se encuentra fuera de Barcelona, \u200b\u200bpuede haber una tarifa adicional.<\/p>\n<p>Conocemos los mejores hombres strippers Barcelona y podemos deciros que estar\u00e9is muy contentas con lo que Joel Acosta puede hacer. Si ten\u00e9is alguna pregunta no dud\u00e9is en contactarnos.<\/p>\n","protected":false},"excerpt":{"rendered":"<p><em>* 99 \u20ac reserva<\/em><br \/>\n<em>* Puedes pagar en l\u00ednea la reserva y el resto antes del espect\u00e1culo.<\/em><br \/>\n<em>&#8211; o &#8211;<\/em><br \/>\n<em>* Elige y a\u00f1adade el tipo de baile \/ espect\u00e1culo.<\/em><br \/>\n<em>* Si el stripper debe salir de Barcelona puede solicitar un cargo extra por el transporte.<\/em><\/p>\n<p><strong>Servicios incluidos:<\/strong><\/p>\n<p>&#8211; Reserva de stripper.<br \/>\n&#8211; Transporte para stripper.<\/p>\n<p><strong>A\u00f1adir baile \/ tipo de espect\u00e1culo:<\/strong><\/p>\n","protected":false},"featured_media":10399,"comment_status":"open","ping_status":"closed","template":"","meta":[],"product_brand":[],"product_cat":[216],"product_tag":[],"class_list":{"0":"post-20783","1":"product","2":"type-product","3":"status-publish","4":"has-post-thumbnail","6":"product_cat-hombres-stripper","8":"first","9":"instock","10":"downloadable","11":"shipping-taxable","12":"purchasable","13":"product-type-simple"},"aioseo_notices":[],"_links":{"self":[{"href":"https:\/\/stripclubbarcelona.com\/es\/wp-json\/wp\/v2\/product\/20783","targetHints":{"allow":["GET"]}}],"collection":[{"href":"https:\/\/stripclubbarcelona.com\/es\/wp-json\/wp\/v2\/product"}],"about":[{"href":"https:\/\/stripclubbarcelona.com\/es\/wp-json\/wp\/v2\/types\/product"}],"replies":[{"embeddable":true,"href":"https:\/\/stripclubbarcelona.com\/es\/wp-json\/wp\/v2\/comments?post=20783"}],"wp:featuredmedia":[{"embeddable":true,"href":"https:\/\/stripclubbarcelona.com\/es\/wp-json\/wp\/v2\/media\/10399"}],"wp:attachment":[{"href":"https:\/\/stripclubbarcelona.com\/es\/wp-json\/wp\/v2\/media?parent=20783"}],"wp:term":[{"taxonomy":"product_brand","embeddable":true,"href":"https:\/\/stripclubbarcelona.com\/es\/wp-json\/wp\/v2\/product_brand?post=20783"},{"taxonomy":"product_cat","embeddable":true,"href":"https:\/\/stripclubbarcelona.com\/es\/wp-json\/wp\/v2\/product_cat?post=20783"},{"taxonomy":"product_tag","embeddable":true,"href":"https:\/\/stripclubbarcelona.com\/es\/wp-json\/wp\/v2\/product_tag?post=20783"}],"curies":[{"name":"wp","href":"https:\/\/api.w.org\/{rel}","templated":true}]}}