{"id":20784,"date":"2018-08-15T09:43:55","date_gmt":"2018-08-15T09:43:55","guid":{"rendered":"https:\/\/stripclubbarcelona.com\/product\/guillermo\/"},"modified":"2026-02-21T19:38:03","modified_gmt":"2026-02-21T18:38:03","slug":"guillermo","status":"publish","type":"product","link":"https:\/\/stripclubbarcelona.com\/es\/product\/guillermo\/","title":{"rendered":"Guillermo"},"content":{"rendered":"<p><em>* Tienes que pagar en l\u00ednea 99 \u20ac para reservar la stripper.<\/em><br \/>\n<em>* Se puede pagar solo la reserva y el resto antes del espect\u00e1culo.<\/em><br \/>\n<em>&#8211; o &#8211;<\/em><br \/>\n<em>* Agrega el tipo de baile \/ espect\u00e1culo y paga todo en l\u00ednea.<\/em><br \/>\n<em>* Si el stripper tiene que salir de Barcelona, pedir\u00e1 un cargo extra por el transporte.<\/em><\/p>\n<h2 style=\"text-align: center;\">Guillermo &#8211; Chico Stripper<\/h2>\n<p>Conocemos todos los\u00a0<a href=\"http:\/\/scb.localhost\/es\/hombres-strippers-barcelona\/\">chicos strippers Barcelona<\/a> m\u00e1s populares y podemos decirte que muy pocos tienen abdominales como Guillermo. Es uno de los chicos strippers m\u00e1s sexys que conocemos y no importa si vienes aqu\u00ed para una despedida de soltera o un cumplea\u00f1os de una amiga. Encontrar\u00e1s muchas personas que sonr\u00eden cuando les dices que has reservado a Guillermo stripper en Barcelona. \u00c9l tiene una sonrisa descarada, un gran cuerpo &#8230; \u00a1y solo espera hasta que veas el resto! Prometemos que un espect\u00e1culo con el es uno que nunca olvidar\u00e1s.<\/p>\n<p><b>\u00bfQu\u00e9 hay incluido en la reserva?<\/b><\/p>\n<p>Sabemos que puede ser dif\u00edcil encontrar un chico stripper para despedida de soltera en Barcelona. Es por eso que nosotros aqu\u00ed vamos m\u00e1s all\u00e1 para hacer las cosas lo m\u00e1s f\u00e1ciles posible para vosotras. El coste de la reserva de este chico es de s\u00f3lo 99 euros. Esto es para asegurar la fecha de la reserva, as\u00ed como la cobertura de su transporte. Es importante tener en cuenta que la tarifa de reserva no cubre el tipo de espect\u00e1culo que deseas reservar.<\/p>\n<p><b>\u00bfQu\u00e9 tipo de espect\u00e1culo puedo reservar?<\/b><\/p>\n<p>Guillermo ofrece un par de espect\u00e1culos asombrosos para las damas que buscan contratar chicos strippers. \u00a1\u00c9l sabe c\u00f3mo moverse y no vas a creer que fuerte es su cuerpo! Le encanta entretener a las damas y estar\u00e1s muy feliz con el espect\u00e1culo que \u00e9l presenta para ti, sin importar cu\u00e1l de sus shows decidas reservar.<\/p>\n<p><b>Baile b\u00e1sico de striptease:<\/b> por solo 129 euros le puedes ver en todo su esplendor. Su baile b\u00e1sico de striptease es cosa de leyenda y, por muy fuerte y entrenado que sea su cuerpo, te sorprender\u00e1 lo suave que se puede mover. Reservar el baile b\u00e1sico es una excelente manera de dejar que la novia se divierta un poco en su despedida. Incluso es genial para un cumplea\u00f1os de alguien, ya que no hay mejor regalo que un encantador y sexy stripper.<\/p>\n<p><b>Strip show de parejas:<\/b> Mientras que Guillermo es m\u00e1s que un stripper suficiente para cualquier grupo de mujeres que buscan una noche salvaje. Si quieres llevar tu noche de diversi\u00f3n al siguiente nivel, por solo 279 Euros puedes reservar un strip show de parejas. Este espect\u00e1culo incluir\u00e1 a Guillermo y a otra chica stripper en un show al que queridas damas recordar\u00e1n para muchos a\u00f1os. Por favor, preg\u00fantanos si deseas m\u00e1s informaci\u00f3n sobre nuestros espect\u00e1culos \u00e9picos de strip show en parejas que podemos organizar para vosotras.<\/p>\n<p><b>Cosas que debe saber sobre la reserva<\/b><\/p>\n<p><b>Pago:<\/b> Cuando reservas a este chico, debes hacerlo con antelaci\u00f3n y, de hecho, si deseas una fecha espec\u00edfica, esta es la mejor opci\u00f3n. Cuando pagas por la reserva, no tienes que pagar por el espect\u00e1culo hasta que llegue Guillermo a tu ubicaci\u00f3n, o puedes pagar todo si as\u00ed lo deseas con antelaci\u00f3n.<\/p>\n<p><b>Transporte: <\/b>el transporte del stripper est\u00e1 incluido en la tarifa de reserva, pero si tu hotel o lugar se encuentra fuera de Barcelona, \u200b\u200bse puede aplicar una tarifa adicional.<\/p>\n<p>Como puedes ver en sus fotos, Guillermo es uno de los mejores hombres strippers Barcelona que hayas visto. \u00c9l es lindo, sexy y tiene m\u00fasculos en todos los lugares de su cuerpo.<\/p>\n","protected":false},"excerpt":{"rendered":"<p><em>* 99 \u20ac reserva<\/em><br \/>\n<em>* Puedes pagar en l\u00ednea la reserva y el resto antes del espect\u00e1culo.<\/em><br \/>\n<em>&#8211; o &#8211;<\/em><br \/>\n<em>* Elige y a\u00f1adade el tipo de baile \/ espect\u00e1culo.<\/em><br \/>\n<em>* Si el stripper debe salir de Barcelona puede solicitar un cargo extra por el transporte.<\/em><\/p>\n<p><strong>Servicios incluidos:<\/strong><\/p>\n<p>&#8211; Reserva de stripper.<br \/>\n&#8211; Transporte para stripper.<\/p>\n<p><strong>A\u00f1adir baile \/ tipo de espect\u00e1culo:<\/strong><\/p>\n","protected":false},"featured_media":10395,"comment_status":"open","ping_status":"closed","template":"","meta":[],"product_brand":[],"product_cat":[216],"product_tag":[],"class_list":{"0":"post-20784","1":"product","2":"type-product","3":"status-publish","4":"has-post-thumbnail","6":"product_cat-hombres-stripper","8":"first","9":"instock","10":"downloadable","11":"shipping-taxable","12":"purchasable","13":"product-type-simple"},"aioseo_notices":[],"_links":{"self":[{"href":"https:\/\/stripclubbarcelona.com\/es\/wp-json\/wp\/v2\/product\/20784","targetHints":{"allow":["GET"]}}],"collection":[{"href":"https:\/\/stripclubbarcelona.com\/es\/wp-json\/wp\/v2\/product"}],"about":[{"href":"https:\/\/stripclubbarcelona.com\/es\/wp-json\/wp\/v2\/types\/product"}],"replies":[{"embeddable":true,"href":"https:\/\/stripclubbarcelona.com\/es\/wp-json\/wp\/v2\/comments?post=20784"}],"wp:featuredmedia":[{"embeddable":true,"href":"https:\/\/stripclubbarcelona.com\/es\/wp-json\/wp\/v2\/media\/10395"}],"wp:attachment":[{"href":"https:\/\/stripclubbarcelona.com\/es\/wp-json\/wp\/v2\/media?parent=20784"}],"wp:term":[{"taxonomy":"product_brand","embeddable":true,"href":"https:\/\/stripclubbarcelona.com\/es\/wp-json\/wp\/v2\/product_brand?post=20784"},{"taxonomy":"product_cat","embeddable":true,"href":"https:\/\/stripclubbarcelona.com\/es\/wp-json\/wp\/v2\/product_cat?post=20784"},{"taxonomy":"product_tag","embeddable":true,"href":"https:\/\/stripclubbarcelona.com\/es\/wp-json\/wp\/v2\/product_tag?post=20784"}],"curies":[{"name":"wp","href":"https:\/\/api.w.org\/{rel}","templated":true}]}}