{"id":20785,"date":"2018-08-15T09:45:48","date_gmt":"2018-08-15T09:45:48","guid":{"rendered":"https:\/\/stripclubbarcelona.com\/product\/agus\/"},"modified":"2026-02-21T19:28:53","modified_gmt":"2026-02-21T18:28:53","slug":"agus","status":"publish","type":"product","link":"https:\/\/stripclubbarcelona.com\/es\/product\/agus\/","title":{"rendered":"Agus"},"content":{"rendered":"<p><em>* Tienes que pagar en l\u00ednea 99 \u20ac para reservar la stripper.<\/em><br \/>\n<em>* Se puede pagar solo la reserva y el resto antes del espect\u00e1culo.<\/em><br \/>\n<em>&#8211; o &#8211;<\/em><br \/>\n<em>* Agrega el tipo de baile \/ espect\u00e1culo y paga todo en l\u00ednea.<\/em><br \/>\n<em>* Si el stripper tiene que salir de <strong>Girona<\/strong>, pedir\u00e1 un cargo extra (20\u20ac) por el transporte.<\/em><\/p>\n<h2 style=\"text-align: center;\">Agus &#8211; Chico Stripper Girona<\/h2>\n<p>Si quieres saber qui\u00e9n es uno de los mejores <a href=\"http:\/\/scb.localhost\/es\/hombres-strippers-barcelona\/\">hombres strippers Barcelona<\/a>, \u200b\u200bentonces tienes que echarle un vistazo a nuestro chico Agus. Si quieres ver a un dios del \u00e9bano quitarse la ropa y poner un espect\u00e1culo realmente incre\u00edble para ti, entonces es el stripper que necesitas. Agus no est\u00e1 disponible solamente para despedidas de soltera. \u00a1Puedes contratarlo para una fiesta de cumplea\u00f1os, un s\u00e1bado por la noche o por cualquier motivo que desees! Como puedes ver, est\u00e1 en una forma fenomenal y ciertamente sabe c\u00f3mo moverse.<\/p>\n<p><b>\u00bfQu\u00e9 hay incluido en la reserva?<\/b><\/p>\n<p>Como puedes ver, nuestro boy stripper Barcelona Agus es uno de los mejores strippers hombres que nuestra gran ciudad tiene para ofrecer. Quiz\u00e1s te estar\u00e1s preguntando qu\u00e9 incluye exactamente su reserva, d\u00e9janos informarte. La cuota de reserva para este stripper es de 99 euros. Esta cuota de reserva te asegurar\u00e1 sus servicios para la noche que deseas. Vale la pena hacer esto con anticipaci\u00f3n para que puedas asegurarte seguro sus servicios, especialmente si es para una despedida de soltera o una fiesta de cumplea\u00f1os. Adem\u00e1s de la fecha, su tarifa de reserva tambi\u00e9n incluye su transporte a tu ubicaci\u00f3n o hotel.<\/p>\n<p><b>\u00bfQu\u00e9 tipo de espect\u00e1culo puedo reservar?<\/b><\/p>\n<p>Una de las cosas que nos hacen a ser lo mejor en cuando se trata de contratar un stripper masculino en Barcelona es que te permitimos tener el control. Puedes decidir qu\u00e9 tipo de espect\u00e1culo quieres reservar. Agus es un aut\u00e9ntico stripper cl\u00e1sico. Trabaja duro su cuerpo, tiene ojos penetrantes y se asegurar\u00e1 de que vosotras damas est\u00e9is muy entretenidas con su show.<\/p>\n<p><b>Strip show b\u00e1sico:<\/b> Lo que este chico hace mejor que nadie es quitarse la ropa de una manera realmente fascinante. El baile b\u00e1sico de striptease solo te cuesta 129 euros, lo que lo convierte en uno de los chicos strippers Barcelona al mejor precio. Sus shows son incre\u00edbles y dejarnos deciros que no os sentir\u00e9is decepcionadas cuando se quite la ropa.<\/p>\n<p><b>Cosas que debes saber sobre la reserva<\/b><\/p>\n<p><b>Pago:<\/b> Siempre decimos que es mejor reservar a Agus tan pronto como sepas la fecha en que lo quieres contratar, ya que es muy popular. Puedes pagar la tarifa de reserva por adelantado, no tienes que pagar por su show hasta que llegue a tu ubicaci\u00f3n, o puedes pagar tambi\u00e9n eligiendo el tipo de show que deseas.<\/p>\n<p><b>Transporte:<\/b> El transporte del stripper est\u00e1 cubierto por su tarifa de reserva. Si tu ubicaci\u00f3n u hotel se encuentra fuera de Barcelona, \u200b\u200bpuede que haya una peque\u00f1a tarifa para cubrir la distancia adicional.<\/p>\n<p>\u00a1Reservar a Agus para tu despedida de soltera, fiesta de cumplea\u00f1os o simplemente una noche de chicas salvajes es una de las mejores elecciones que puedes tener! \u00c9l es realmente uno de los mejores hombres strippers Barcelona que tenemos para ofrecer y vosotras, damas, vais a pasar una noche fant\u00e1stica gracias a su actuaci\u00f3n y espect\u00e1culo que os montara.<\/p>\n","protected":false},"excerpt":{"rendered":"<p><em>* 99 \u20ac reserva<\/em><br \/>\n<em>* Puedes pagar en l\u00ednea la reserva y el resto antes del espect\u00e1culo.<\/em><br \/>\n<em>&#8211; o &#8211;<\/em><br \/>\n<em>* Elige y a\u00f1adade el tipo de baile \/ espect\u00e1culo.<\/em><br \/>\n<em>* Si el stripper debe salir de <strong>Girona<\/strong> puede solicitar un cargo extra(20\u20ac) por el transporte.<\/em><\/p>\n<p><strong>Servicios incluidos:<\/strong><\/p>\n<p>&#8211; Reserva de stripper.<br \/>\n&#8211; Transporte para stripper.<\/p>\n<p><strong>A\u00f1adir baile \/ tipo de espect\u00e1culo:<\/strong><\/p>\n","protected":false},"featured_media":12436,"comment_status":"open","ping_status":"closed","template":"","meta":[],"product_brand":[],"product_cat":[216],"product_tag":[],"class_list":{"0":"post-20785","1":"product","2":"type-product","3":"status-publish","4":"has-post-thumbnail","6":"product_cat-hombres-stripper","8":"first","9":"instock","10":"downloadable","11":"shipping-taxable","12":"purchasable","13":"product-type-simple"},"aioseo_notices":[],"_links":{"self":[{"href":"https:\/\/stripclubbarcelona.com\/es\/wp-json\/wp\/v2\/product\/20785","targetHints":{"allow":["GET"]}}],"collection":[{"href":"https:\/\/stripclubbarcelona.com\/es\/wp-json\/wp\/v2\/product"}],"about":[{"href":"https:\/\/stripclubbarcelona.com\/es\/wp-json\/wp\/v2\/types\/product"}],"replies":[{"embeddable":true,"href":"https:\/\/stripclubbarcelona.com\/es\/wp-json\/wp\/v2\/comments?post=20785"}],"wp:featuredmedia":[{"embeddable":true,"href":"https:\/\/stripclubbarcelona.com\/es\/wp-json\/wp\/v2\/media\/12436"}],"wp:attachment":[{"href":"https:\/\/stripclubbarcelona.com\/es\/wp-json\/wp\/v2\/media?parent=20785"}],"wp:term":[{"taxonomy":"product_brand","embeddable":true,"href":"https:\/\/stripclubbarcelona.com\/es\/wp-json\/wp\/v2\/product_brand?post=20785"},{"taxonomy":"product_cat","embeddable":true,"href":"https:\/\/stripclubbarcelona.com\/es\/wp-json\/wp\/v2\/product_cat?post=20785"},{"taxonomy":"product_tag","embeddable":true,"href":"https:\/\/stripclubbarcelona.com\/es\/wp-json\/wp\/v2\/product_tag?post=20785"}],"curies":[{"name":"wp","href":"https:\/\/api.w.org\/{rel}","templated":true}]}}