{"id":20789,"date":"2018-08-27T12:11:24","date_gmt":"2018-08-27T12:11:24","guid":{"rendered":"https:\/\/stripclubbarcelona.com\/product\/vicky\/"},"modified":"2026-02-21T20:01:41","modified_gmt":"2026-02-21T19:01:41","slug":"vicky","status":"publish","type":"product","link":"https:\/\/stripclubbarcelona.com\/es\/product\/vicky\/","title":{"rendered":"Vicky"},"content":{"rendered":"<p><em>* Tienes que pagar en l\u00ednea 99 \u20ac para reservar la stripper.<\/em><br \/>\n<em>* Se puede pagar solo la reserva y el resto antes del espect\u00e1culo.<\/em><br \/>\n<em>&#8211; o &#8211;<\/em><br \/>\n<em>* Agrega el tipo de baile \/ espect\u00e1culo y paga todo en l\u00ednea.<\/em><br \/>\n<em>* Si el stripper tiene que salir de Barcelona, pedir\u00e1 un cargo extra por el transporte.<\/em><\/p>\n<h2 style=\"text-align: center;\">Vicky &#8211; Chica Stripper<\/h2>\n<p>Es muy f\u00e1cil ver por qu\u00e9 la hermosa Vicky es considerada como una de las mejores <a href=\"http:\/\/scb.localhost\/es\/mujeres-strippers-barcelona\/\">chicas strippers Barcelona<\/a>. Ella tiene un cuerpo verdaderamente incre\u00edble y sus ojos y su sonrisa realmente te relajan o al contrario te ponen a cien. Le encanta el gimnasio y realmente se nota, ya que no hay muchas mujeres que tengan las formas como Vicky. Si quieres contratar a una de las mejores strippers, no vas a encontrar una mejor que esta encantadora chica.<\/p>\n<p><b>\u00bfQu\u00e9 hay incluido en la reserva?<\/b><\/p>\n<p>Puedes pensar que reservar a Vicky stripper en Barcelona va a ser caro y dif\u00edcil de contratar. Bueno, aqu\u00ed nos vamos m\u00e1s all\u00e1 para hacer que una velada con ella sea asequible y lo m\u00e1s sencillo posible. Su tarifa de reserva incluye asegurar el servicio de Vicky para la fecha que deseas y tambi\u00e9n su transporte. La tarifa de reserva no incluye ning\u00fan tipo de espect\u00e1culo, el tipo de espect\u00e1culo se paga a parte, as\u00ed que ten esto en cuenta.<\/p>\n<p><b>\u00bfQu\u00e9 tipo de espect\u00e1culo puedo reservar?<\/b><\/p>\n<p>Sin duda, quieres saber m\u00e1s sobre como contratar strippers para fiestas privadas. Bueno, aqu\u00ed tenemos varios tipos de espect\u00e1culos calientes y llenos de erotismo que la encantadora, sexy y traviesa Vicky puede hacer.<\/p>\n<p><b>Baile b\u00e1sico de striptease:<\/b> por solo 129 euros, puedes ver ese incre\u00edble cuerpo de esta chica en todo su esplendor. \u00a1Puedes ver lo mucho que trabaja para mantenerse en forma y tambi\u00e9n las incre\u00edbles posiciones en las que puede ponerse para que puedas verla desde todos los \u00e1ngulos! \u00a1Esta es una excelente manera de comenzar una noche de despedida de soltero, noche de chicos o incluso una noche cualquiera!<\/p>\n<p><b>Strip show con nata:<\/b> si quieres llevar las cosas al siguiente nivel y ver el lado m\u00e1s juguet\u00f3n y sexy de Vicky, debes reservar su espect\u00e1culo con nata. Esto solo cuesta 149 euros y es la manera perfecta de pasar una noche divertida en Barcelona.<\/p>\n<p><b>Dildo Show:<\/b> el otro tipo de show que ella puede hacer por ti es su incre\u00edble espect\u00e1culo con consolador. \u00a1Por solo 179 euros puedes ver la buena que es Vicky cuando presenta un espect\u00e1culo realmente incre\u00edble con su amiguita el vibrador! \u00a1Este es el espect\u00e1culo perfecto si quieres ver algo realmente especial y algo que recordar\u00e1s para siempre! \u00a1Un show de consolador con esta chica tan guapa es cosa de leyenda!<\/p>\n<p><b>Cosas que debes saber sobre la reserva<\/b><\/p>\n<p><b>Pago:<\/b> cuando reservas a Vicky deber\u00e1s pagar la tarifa de reserva por adelantado. Sin embargo, si lo deseas, puedes pagar su programa una vez que ella haya llegado a tu lugar.<\/p>\n<p><b>Transporte:<\/b> la tarifa de transporte de ella est\u00e1 incluida en su tarifa de reserva. Ten en cuenta que si tu ubicacion o hotel est\u00e1 fuera de Barcelona, \u200b\u200bentonces puede haber una tarifa adicional.<\/p>\n<p>Debemos que decir que Vicky os va a sorprender y de eso estamos seguros. Ella sabe lo que est\u00e1 haciendo y realmente es una de las mejores chicas strippers Barcelona que encontrar\u00e1s en la ciudad. No importa qu\u00e9 tipo de show vais a contratar porque seguramente lo vais a pasar en grande y tendr\u00e9is unos momentos incre\u00edbles gracias a ella.<\/p>\n","protected":false},"excerpt":{"rendered":"<p><em>* 99 \u20ac reserva<\/em><br \/>\n<em>* Puedes pagar en l\u00ednea la reserva y el resto antes del espect\u00e1culo.<\/em><br \/>\n<em>&#8211; o &#8211;<\/em><br \/>\n<em>* Elige y a\u00f1adade el tipo de baile \/ espect\u00e1culo.<\/em><br \/>\n<em>* Si el stripper debe salir de Barcelona puede solicitar un cargo extra por el transporte.<\/em><\/p>\n<p><strong>Servicios incluidos:<\/strong><\/p>\n<p>&#8211; Reserva de stripper.<br \/>\n&#8211; Transporte para stripper.<\/p>\n<p><strong>A\u00f1adir baile \/ tipo de espect\u00e1culo:<\/strong><\/p>\n","protected":false},"featured_media":10378,"comment_status":"open","ping_status":"closed","template":"","meta":[],"product_brand":[],"product_cat":[213],"product_tag":[],"class_list":{"0":"post-20789","1":"product","2":"type-product","3":"status-publish","4":"has-post-thumbnail","6":"product_cat-mujeres-stripper","8":"first","9":"instock","10":"downloadable","11":"shipping-taxable","12":"purchasable","13":"product-type-simple"},"aioseo_notices":[],"_links":{"self":[{"href":"https:\/\/stripclubbarcelona.com\/es\/wp-json\/wp\/v2\/product\/20789","targetHints":{"allow":["GET"]}}],"collection":[{"href":"https:\/\/stripclubbarcelona.com\/es\/wp-json\/wp\/v2\/product"}],"about":[{"href":"https:\/\/stripclubbarcelona.com\/es\/wp-json\/wp\/v2\/types\/product"}],"replies":[{"embeddable":true,"href":"https:\/\/stripclubbarcelona.com\/es\/wp-json\/wp\/v2\/comments?post=20789"}],"wp:featuredmedia":[{"embeddable":true,"href":"https:\/\/stripclubbarcelona.com\/es\/wp-json\/wp\/v2\/media\/10378"}],"wp:attachment":[{"href":"https:\/\/stripclubbarcelona.com\/es\/wp-json\/wp\/v2\/media?parent=20789"}],"wp:term":[{"taxonomy":"product_brand","embeddable":true,"href":"https:\/\/stripclubbarcelona.com\/es\/wp-json\/wp\/v2\/product_brand?post=20789"},{"taxonomy":"product_cat","embeddable":true,"href":"https:\/\/stripclubbarcelona.com\/es\/wp-json\/wp\/v2\/product_cat?post=20789"},{"taxonomy":"product_tag","embeddable":true,"href":"https:\/\/stripclubbarcelona.com\/es\/wp-json\/wp\/v2\/product_tag?post=20789"}],"curies":[{"name":"wp","href":"https:\/\/api.w.org\/{rel}","templated":true}]}}