{"id":20793,"date":"2019-07-22T00:00:52","date_gmt":"2019-07-21T22:00:52","guid":{"rendered":"https:\/\/stripclubbarcelona.com\/product\/stag-party-barcelona\/"},"modified":"2026-04-09T04:26:01","modified_gmt":"2026-04-09T02:26:01","slug":"stag-party-barcelona","status":"publish","type":"product","link":"https:\/\/stripclubbarcelona.com\/es\/despedida-soltero-barcelona\/","title":{"rendered":"Despedida de Soltero en Barcelona"},"content":{"rendered":"<p><em>* Este paquete es v\u00e1lido para cualquier tipo de fiesta para grupos de hombres (despedida de soltero en Barcelona, fiesta de cumplea\u00f1os, fiesta de empresa&#8230;)<\/em><br \/>\n<em>* Para algunos locales, hay servicio de limusina disponible para hasta 8 personas.<\/em><br \/>\n<em>* Si compras el paquete con 30 d\u00edas de antelaci\u00f3n, te damos un 15 % de descuento sobre el precio. Pide tu c\u00f3digo de descuento antes de comprar.<\/em><br \/>\n<em>* Tienes que elegir el club y la fecha para la que deseas reservar.<\/em><\/p>\n<p><b><a id=\"link1\"><\/a>BOTELLAS INCLUIDAS:<\/b><\/p>\n<p><em>hasta 5 personas 1 botella<\/em><br \/>\n<em>hasta 10 personas 2 botellas<\/em><br \/>\n<em>hasta 15 personas 3 botellas<\/em><br \/>\n<em>hasta 20 personas 4 botellas<\/em><\/p>\n<p><strong>A los servicios incluidos existentes puedes a\u00f1adir extras para tu grupo:<\/strong><\/p>\n<p>&#8211; Si necesitas m\u00e1s botellas de bebidas espirituosas, puedes a\u00f1adir botellas extra.<br \/>\n&#8211; Show de striptease b\u00e1sico para todo el grupo en tu mesa.<br \/>\n&#8211; Show de humillaci\u00f3n para el novio con 2 o 3 chicas en tu mesa.<\/p>\n<h2 style=\"text-align: center;\"><b>La Mejor Despedida de Soltero en Barcelona<\/b><\/h2>\n<p>Es tan simple como esto: nadie organiza despedidas de soltero mejor que <a href=\"https:\/\/stripclubbarcelona.com\/es\/\">Strip Club Barcelona<\/a>. En tu \u00faltima noche como soltero, es importante que te despidas con estilo. Nuestros paquetes asequibles te permiten hacer precisamente eso, ofreci\u00e9ndote la noche de tu vida a precios que puedes permitirte. Utiliza nuestros servicios para participar en la mejor fiesta que jam\u00e1s hayas presenciado en varios clubes de primera calidad.   <\/p>\n<p>\u00a1La elecci\u00f3n es tuya! Nuestra red de opciones te da la flexibilidad de ir donde siempre has so\u00f1ado. Disfruta de las alegr\u00edas de la vida de soltero con tu propio striptease. \u00a1Simplemente no hay mejor manera de cerrar tu vida de soltero!   <\/p>\n<p>\u00bfEntonces por qu\u00e9 intentarlo? \u00a1A continuaci\u00f3n te diremos exactamente qu\u00e9 incluyen nuestros paquetes de primera clase! Sigue leyendo para descubrirlo.  <\/p>\n<p><b>\u00bfCu\u00e1nto Cuesta?<\/b><\/p>\n<p>\u00a1Nuestro incre\u00edble paquete est\u00e1 disponible a tarifas que no podr\u00e1s rechazar! Por solo 49 \u20ac por persona, t\u00fa y un grupo de al menos cuatro podr\u00e9is disfrutar de una despedida de soltero como ninguna otra. \u00a1Chicas dispuestas a desnudarse, provocar, bailar y complacer te esperan por este precio inmejorable! Este es un valor que solo puedes conseguir con nosotros, \u00a1as\u00ed que aseg\u00farate de recurrir a nosotros para esa \u00e9pica despedida de soltero en Barcelona!   <\/p>\n<p><b>\u00bfQu\u00e9 Incluye?<\/b><\/p>\n<p>\u00bfQu\u00e9 puedes esperar de una despedida de soltero organizada a trav\u00e9s de nosotros? La respuesta: mucho. En pocas palabras, \u00a1ofrecemos todo lo que necesitas para esa noche de diversi\u00f3n tentadora! Desde bebidas hasta transporte, nos encargamos de todo para que t\u00fa solo tengas que concentrarte en divertirte. \u00a1Echemos un vistazo a algunos detalles a continuaci\u00f3n!    <\/p>\n<ul>\n<li><b>Reserva de Mesa VIP<\/b><\/li>\n<\/ul>\n<p>Sabemos que te mereces los mejores asientos de la casa para tu despedida de soltero en Barcelona. \u00a1Por eso ofrecemos reserva de mesa VIP! \u00a1Obt\u00e9n una vista cercana del escenario para que nunca te pierdas nada de lo que las chicas hacen para complacerte!  <\/p>\n<ul>\n<li><b>Entrada<\/b><\/li>\n<\/ul>\n<p>Nuestro paquete de bajo precio tambi\u00e9n incluye la entrada para que no tengas que preocuparte por pagar precios altos en la puerta. Al agrupar, puedes ahorrar dinero para destinarlo a bebidas o a cualquiera de nuestros excelentes extras (\u00a1m\u00e1s sobre esto a continuaci\u00f3n!). <\/p>\n<ul>\n<li><b>Transporte<\/b><\/li>\n<\/ul>\n<p>Te facilitamos las cosas proporcion\u00e1ndote un viaje a tu destino de club. \u00a1Ahorra tiempo, molestias y dinero con uno de nuestros c\u00f3modos traslados incluidos en nuestro paquete inmejorable! <\/p>\n<ul>\n<li><b>Servicio de Botellas<\/b><\/li>\n<\/ul>\n<p>A partir de grupos de cuatro, tambi\u00e9n ofrecemos un fant\u00e1stico servicio de botellas que llevar\u00e1 tu despedida de soltero al siguiente nivel. Una buena botella de alcohol es el complemento perfecto para bailarinas atractivas. Espec\u00edficamente, incluimos una botella de alcohol para grupos de cinco, dos botellas de alcohol para grupos de diez, tres botellas de alcohol para grupos de quince y cuatro botellas de alcohol para grupos de veinte. \u00a1De estas, tambi\u00e9n puedes elegir opciones de refrescos!   <\/p>\n<p>En otras palabras, nuestro paquete puede ahorrarte mucho dinero en la barra, \u00a1as\u00ed que aseg\u00farate de aprovechar esta incre\u00edble oportunidad de ahorro!<\/p>\n<h3><b>\u00bfQu\u00e9 Extras Puedo A\u00f1adir a Mi Despedida de Soltero?<\/b><\/h3>\n<p>Vale, todo eso suena bastante incre\u00edble, lo sabemos. Pero no se detiene ah\u00ed. Si est\u00e1s dispuesto a llevar tu despedida de soltero en Barcelona un paso m\u00e1s all\u00e1, puedes a\u00f1adir cualquiera de nuestros espectaculares extras a continuaci\u00f3n. Estas ventajas adicionales te dar\u00e1n la capacidad de organizar una despedida de soltero para recordar, pero no necesitas a\u00f1adir ninguna si no quieres.   <\/p>\n<p>Dicho esto, echemos un vistazo a los extras que ofrecemos:<\/p>\n<ul>\n<li><b>Striptease B\u00e1sico<\/b><\/li>\n<\/ul>\n<p>Por el bajo precio de solo 149 \u20ac, todo tu grupo podr\u00e1 disfrutar de un sensual striptease de una de las chicas del club. \u00a1Disfruta de la vista mientras una de las mujeres m\u00e1s atractivas de Barcelona se contonea, gira y baila justo delante de tus ojos! <\/p>\n<ul>\n<li><b>Bebidas<\/b><\/li>\n<\/ul>\n<p>199 \u20ac te conseguir\u00e1n una botella adicional para tu grupo. Conf\u00eda en nosotros, la mejor manera de pasar tu despedida de soltero en Barcelona con estilo es con alcohol de calidad que dejar\u00e1 a todo tu grupo animado y en el momento. \u00a1No te pierdas esta incre\u00edble oportunidad de descuento!  <\/p>\n<ul>\n<li><b>Show de Humillaci\u00f3n con 2 Chicas<\/b><\/li>\n<\/ul>\n<p>Por solo 149 \u20ac, puedes darle al novio una noche para recordar. Este extra te permite humillar al novio con un show sexy que involucra a dos chicas d\u00e1ndole un poco de amor picante. \u00a1Haz que todo el grupo participe en la diversi\u00f3n mientras el futuro novio interact\u00faa con dos de las mejores chicas!  <\/p>\n<ul>\n<li><b>Show de Humillaci\u00f3n con 3 Chicas<\/b><\/li>\n<\/ul>\n<p>\u00bfPero por qu\u00e9 limitarlo a solo dos mujeres? Con este extra, disponible por solo 249 \u20ac, podr\u00e1s incluir a tres mujeres en la diversi\u00f3n. Cuantos m\u00e1s, mejor, \u00bfverdad? \u00a1Descubre si el novio piensa lo mismo! Este show de humillaci\u00f3n es sexy y muy divertido, \u00a1as\u00ed que querr\u00e1s probarlo t\u00fa mismo a trav\u00e9s de nuestro paquete!    <\/p>\n<ul>\n<li><b>Tarta de Fiesta<\/b><\/li>\n<\/ul>\n<p>\u00bfQu\u00e9 es una fiesta sin tarta? Con este extra, con un precio de solo 119 \u20ac, \u00a1podr\u00e1s conseguir una tarta personalizada para el novio! \u00a1Esta opci\u00f3n anima el ambiente de la fiesta y promete hacer que tu experiencia de despedida de soltero en Barcelona sea mucho m\u00e1s divertida!  <\/p>\n<ul>\n<li><b>Servicio de Limusina<\/b><\/li>\n<\/ul>\n<p>Tambi\u00e9n ofrecemos servicio de limusina para grupos de ocho y doce personas, con un precio de 169 \u20ac y 249 \u20ac, respectivamente. Este servicio de limusina es una excelente manera de llegar a tu destino con estilo y comodidad, \u00a1y tambi\u00e9n es una fant\u00e1stica manera de prepararte para una noche sexy! <\/p>\n<p><b>\u00bfC\u00f3mo Reservo?<\/b><\/p>\n<p>Las despedidas de soltero son una diversi\u00f3n salvaje.<\/p>\n<p>Desafortunadamente, reservarlas no lo es. Es decir, hasta ahora. \u00a1Con nosotros, reservar tu pr\u00f3xima despedida de soltero en Barcelona es m\u00e1s f\u00e1cil que nunca! Te facilitamos las cosas con una interfaz simple y f\u00e1cil de navegar. Simplemente indica cu\u00e1ntas personas hay en tu grupo, qu\u00e9 extras quieres a\u00f1adir a tu paquete (si los hay), la fecha en la que planeas ir y el club de tu elecci\u00f3n. Una vez que hayas terminado, simplemente a\u00f1ade el paquete a tu carrito y procede al pago. Nuestra estructura de precios transparente no tiene tarifas ocultas para que no tengas que preocuparte por precios exorbitantes.      <\/p>\n<p>\u00a1Realmente es as\u00ed de f\u00e1cil! Aun as\u00ed, si encuentras alguna dificultad durante el proceso de reserva, nuestro personal est\u00e1 aqu\u00ed y listo para ayudarte en todo momento. Durante todo el proceso, seremos tu apoyo y te ayudaremos a obtener el servicio que te mereces. Por esta raz\u00f3n, \u00a1te animamos a que nos contactes durante el proceso de reserva si tienes alguna pregunta o inquietud!   <\/p>\n<p>Como l\u00edderes en el negocio de despedidas de soltero en Barcelona, sabemos lo divertidos, salvajes y locos que pueden ser estos eventos. \u00a1Por eso queremos ayudarte a sacar el m\u00e1ximo provecho de tu pr\u00f3xima despedida de soltero para que tengas recuerdos legendarios que puedas atesorar toda la vida! Y conf\u00eda en nosotros, cuando la esposa empiece a rega\u00f1ar dos semanas despu\u00e9s de su matrimonio, \u00a1el novio se alegrar\u00e1 de haber reservado con nosotros!  <\/p>\n<h4><b>\u00bfPor Qu\u00e9 Despedida de Soltero en Barcelona Con Nosotros?<\/b><\/h4>\n<p>\u00bfNecesitas un \u00faltimo empuj\u00f3n para convencerte? Queremos que sepas que somos la opci\u00f3n adecuada para ti. Como el rey indiscutible en la organizaci\u00f3n de despedidas de soltero de calidad en Barcelona y otros eventos, trabajamos uno a uno con nuestros clientes y socios para ofrecer la mejor experiencia posible.  <\/p>\n<p>Esto significa que tenemos algunas ventajas que simplemente no puedes conseguir en ning\u00fan otro lugar. Exploremos estas con m\u00e1s detalle. <\/p>\n<ul>\n<li><b>Precio<\/b><\/li>\n<\/ul>\n<p>\u00bfUna despedida de soltero en Barcelona por solo 49 \u20ac\/persona? Casi suena demasiado bueno para ser verdad. Afortunadamente, este bajo precio, que te permitir\u00e1 entrar en algunos de los mejores locales de la ciudad, es justo lo que ofrecemos aqu\u00ed. En pocas palabras, entendemos lo importante que es que te diviertas sin igual, con un presupuesto. No hay necesidad de arruinarse para tener una experiencia de despedida de soltero como ninguna otra.    <\/p>\n<p>Con nuestros precios, podr\u00e1s ampliar tu gama de actividades para tu evento de despedida de soltero. Esto significa que podr\u00e1s hacer m\u00e1s, ver m\u00e1s e incluso sentir m\u00e1s en algunos de los clubes m\u00e1s de moda de Barcelona (\u00a1o del mundo, para el caso!). <\/p>\n<ul>\n<li><b>Red<\/b><\/li>\n<\/ul>\n<p>Gran parte de esto solo es posible gracias a nuestra extensa red de socios. Nuestra s\u00f3lida relaci\u00f3n de trabajo con algunos de los mejores establecimientos de striptease de Barcelona nos da la oportunidad de presentarte los mejores paquetes de despedida de soltero de la ciudad. Trabajamos con todos los clubes principales para que nunca tengas que preocuparte por la calidad de tu evento. Espec\u00edficamente, trabajamos con grandes nombres como Bacarra, Darling, Blue Night, Viladomat 208 y Bagdad. \u00a1Estos nombres legendarios son pilares del negocio del striptease en Barcelona y son los lugares perfectos para tu pr\u00f3xima despedida de soltero en Barcelona!    <\/p>\n<p>Nuestra relaci\u00f3n de trabajo positiva tambi\u00e9n nos permite ofrecerte nuestros paquetes a tarifas que simplemente no puedes encontrar en ning\u00fan otro lugar. Sabiendo esto, te instamos a que pruebes nuestros servicios para que puedas conseguir la despedida de soltero que siempre has so\u00f1ado. <\/p>\n<ul>\n<li><b>Servicio<\/b><\/li>\n<\/ul>\n<p>Pero nuestras ventajas no terminan ah\u00ed. Ofrecemos un servicio inmejorable de otras maneras. \u00bfQuieres extras para tu paquete existente? \u00a1Tenemos todo cubierto! Ya sea que busques m\u00e1s bebidas o m\u00e1s diversi\u00f3n, hemos negociado acuerdos con los mejores clubes de Barcelona para dar al novio y a su grupo una experiencia de otro nivel.    <\/p>\n<p>\u00bfTienes un problema con tu pedido o simplemente quieres m\u00e1s informaci\u00f3n? \u00a1Estamos a solo un contacto de distancia! Como puedes ver, estamos en la cima cuando se trata de experiencias de despedida de soltero en Barcelona. Por esta raz\u00f3n, \u00a1aseg\u00farate de desplazarte hacia arriba y reservar con nosotros hoy mismo!   <\/p>\n<p>\u00bfQuieres ver m\u00e1s paquetes? Visita el siguiente enlace: <a href=\"https:\/\/stripclubbarcelona.com\/es\/paquetes\/\">paquetes de fiesta Barcelona.<\/a> <\/p>\n","protected":false},"excerpt":{"rendered":"<p><em>* 49 \u20ac \/ persona<\/em><br \/>\n<em>* Solo para grupos de hombres<\/em><br \/>\n<em>* Grupos a partir de un m\u00ednimo de 4 personas<\/em><\/p>\n<p><strong>Servicios Incluidos:<\/strong><\/p>\n<p>Reserva de mesa VIP<br \/>\nBotella(s) <a href=\"#link1\">Haz clic para m\u00e1s informaci\u00f3n<\/a><br \/>\nRefrescos<br \/>\n1 Entrada<br \/>\nTransporte (servicio de recogida)<\/p>\n<p><strong>A\u00f1ade Extras Para Tu Grupo:<\/strong><\/p>\n","protected":false},"featured_media":10422,"comment_status":"open","ping_status":"closed","template":"","meta":[],"product_brand":[],"product_cat":[218],"product_tag":[],"class_list":{"0":"post-20793","1":"product","2":"type-product","3":"status-publish","4":"has-post-thumbnail","6":"product_cat-paquetes","8":"first","9":"instock","10":"downloadable","11":"shipping-taxable","12":"purchasable","13":"product-type-simple"},"aioseo_notices":[],"_links":{"self":[{"href":"https:\/\/stripclubbarcelona.com\/es\/wp-json\/wp\/v2\/product\/20793","targetHints":{"allow":["GET"]}}],"collection":[{"href":"https:\/\/stripclubbarcelona.com\/es\/wp-json\/wp\/v2\/product"}],"about":[{"href":"https:\/\/stripclubbarcelona.com\/es\/wp-json\/wp\/v2\/types\/product"}],"replies":[{"embeddable":true,"href":"https:\/\/stripclubbarcelona.com\/es\/wp-json\/wp\/v2\/comments?post=20793"}],"wp:featuredmedia":[{"embeddable":true,"href":"https:\/\/stripclubbarcelona.com\/es\/wp-json\/wp\/v2\/media\/10422"}],"wp:attachment":[{"href":"https:\/\/stripclubbarcelona.com\/es\/wp-json\/wp\/v2\/media?parent=20793"}],"wp:term":[{"taxonomy":"product_brand","embeddable":true,"href":"https:\/\/stripclubbarcelona.com\/es\/wp-json\/wp\/v2\/product_brand?post=20793"},{"taxonomy":"product_cat","embeddable":true,"href":"https:\/\/stripclubbarcelona.com\/es\/wp-json\/wp\/v2\/product_cat?post=20793"},{"taxonomy":"product_tag","embeddable":true,"href":"https:\/\/stripclubbarcelona.com\/es\/wp-json\/wp\/v2\/product_tag?post=20793"}],"curies":[{"name":"wp","href":"https:\/\/api.w.org\/{rel}","templated":true}]}}